{"id":2544,"date":"2024-12-03T17:20:45","date_gmt":"2024-12-03T16:20:45","guid":{"rendered":"http:\/\/10.0.30.16\/decoral-system\/?page_id=2544"},"modified":"2024-12-03T17:23:19","modified_gmt":"2024-12-03T16:23:19","slug":"quality-book","status":"publish","type":"page","link":"https:\/\/www.decoral-system.com\/pl\/pobieranie\/ksiazka-wysokiej-jakosci\/","title":{"rendered":"Ksi\u0119ga jako\u015bci"},"content":{"rendered":"<div data-elementor-type=\"wp-page\" data-elementor-id=\"2544\" class=\"elementor elementor-2544\" data-elementor-post-type=\"page\">\n\t\t\t\t<div class=\"elementor-element elementor-element-39e72cc e-con-full e-flex e-con e-parent\" data-id=\"39e72cc\" data-element_type=\"container\" data-e-type=\"container\" data-settings=\"{&quot;background_background&quot;:&quot;classic&quot;}\">\n\t\t<div class=\"elementor-element elementor-element-99020aa e-con-full animated-slow e-flex elementor-invisible e-con e-child\" data-id=\"99020aa\" data-element_type=\"container\" data-e-type=\"container\" data-settings=\"{&quot;background_background&quot;:&quot;classic&quot;,&quot;animation&quot;:&quot;fadeIn&quot;}\">\n\t\t\t\t<div class=\"elementor-element elementor-element-0a8e904 elementor-invisible elementor-widget elementor-widget-heading\" data-id=\"0a8e904\" data-element_type=\"widget\" data-e-type=\"widget\" data-settings=\"{&quot;_animation&quot;:&quot;fadeInLeft&quot;}\" data-widget_type=\"heading.default\">\n\t\t\t\t<div class=\"elementor-widget-container\">\n\t\t\t\t\t<h1 class=\"elementor-heading-title elementor-size-default\">Ksi\u0119ga jako\u015bci<\/h1>\t\t\t\t<\/div>\n\t\t\t\t<\/div>\n\t\t\t\t<\/div>\n\t\t\t\t<\/div>\n\t\t<div class=\"elementor-element elementor-element-4fd2b5f e-flex e-con-boxed e-con e-parent\" data-id=\"4fd2b5f\" data-element_type=\"container\" data-e-type=\"container\">\n\t\t\t\t\t<div class=\"e-con-inner\">\n\t\t\t\t<div class=\"elementor-element elementor-element-6190cfe elementor-align-left elementor-widget elementor-widget-breadcrumbs\" data-id=\"6190cfe\" data-element_type=\"widget\" data-e-type=\"widget\" data-widget_type=\"breadcrumbs.default\">\n\t\t\t\t<div class=\"elementor-widget-container\">\n\t\t\t\t\t<div id=\"breadcrumbs\"><span><span><a href=\"https:\/\/www.decoral-system.com\/pl\/\">Strona g\u0142\u00f3wna<\/a><\/span><\/span><\/div>\t\t\t\t<\/div>\n\t\t\t\t<\/div>\n\t\t\t\t\t<\/div>\n\t\t\t\t<\/div>\n\t\t<div class=\"elementor-element elementor-element-40af9b84 e-flex e-con-boxed e-con e-parent\" data-id=\"40af9b84\" data-element_type=\"container\" data-e-type=\"container\">\n\t\t\t\t\t<div class=\"e-con-inner\">\n\t\t<div class=\"elementor-element elementor-element-2724c015 e-con-full e-flex e-con e-child\" data-id=\"2724c015\" data-element_type=\"container\" data-e-type=\"container\">\n\t\t\t\t<div class=\"elementor-element elementor-element-5c915ef4 elementor-invisible elementor-widget elementor-widget-heading\" data-id=\"5c915ef4\" data-element_type=\"widget\" data-e-type=\"widget\" data-settings=\"{&quot;_animation&quot;:&quot;fadeInLeft&quot;}\" data-widget_type=\"heading.default\">\n\t\t\t\t<div class=\"elementor-widget-container\">\n\t\t\t\t\t<h3 class=\"elementor-heading-title elementor-size-default\">Dla czego pracujemy<\/h3>\t\t\t\t<\/div>\n\t\t\t\t<\/div>\n\t\t\t\t<div class=\"elementor-element elementor-element-4925b613 elementor-widget elementor-widget-text-editor\" data-id=\"4925b613\" data-element_type=\"widget\" data-e-type=\"widget\" data-widget_type=\"text-editor.default\">\n\t\t\t\t<div class=\"elementor-widget-container\">\n\t\t\t\t\t\t\t\t\t<p class=\"p1\">Od wewn\u0119trznej kontroli jako\u015bci po mi\u0119dzynarodowe certyfikaty i patenty. Pobierz plik PDF, aby dowiedzie\u0107 si\u0119 wszystkiego o jako\u015bci naszych produkt\u00f3w.<\/p>\t\t\t\t\t\t\t\t<\/div>\n\t\t\t\t<\/div>\n\t\t\t\t<\/div>\n\t\t<div class=\"elementor-element elementor-element-53fc2c17 e-con-full e-flex e-con e-child\" data-id=\"53fc2c17\" data-element_type=\"container\" data-e-type=\"container\">\n\t\t\t\t<div class=\"elementor-element elementor-element-56ebf47f elementor-widget elementor-widget-image\" data-id=\"56ebf47f\" data-element_type=\"widget\" data-e-type=\"widget\" data-widget_type=\"image.default\">\n\t\t\t\t<div class=\"elementor-widget-container\">\n\t\t\t\t\t\t\t\t\t\t\t\t\t\t\t<img fetchpriority=\"high\" decoding=\"async\" width=\"768\" height=\"512\" src=\"https:\/\/www.decoral-system.com\/wp-content\/uploads\/2024\/12\/QualityBook-decoral-system-quality-book-768x512.jpg\" class=\"attachment-medium_large size-medium_large wp-image-2546\" alt=\"\" srcset=\"https:\/\/www.decoral-system.com\/wp-content\/uploads\/2024\/12\/QualityBook-decoral-system-quality-book-768x512.jpg 768w, https:\/\/www.decoral-system.com\/wp-content\/uploads\/2024\/12\/QualityBook-decoral-system-quality-book-300x200.jpg 300w, https:\/\/www.decoral-system.com\/wp-content\/uploads\/2024\/12\/QualityBook-decoral-system-quality-book-1024x683.jpg 1024w, https:\/\/www.decoral-system.com\/wp-content\/uploads\/2024\/12\/QualityBook-decoral-system-quality-book-18x12.jpg 18w, https:\/\/www.decoral-system.com\/wp-content\/uploads\/2024\/12\/QualityBook-decoral-system-quality-book.jpg 1500w\" sizes=\"(max-width: 768px) 100vw, 768px\" \/>\t\t\t\t\t\t\t\t\t\t\t\t\t\t\t<\/div>\n\t\t\t\t<\/div>\n\t\t\t\t<\/div>\n\t\t\t\t\t<\/div>\n\t\t\t\t<\/div>\n\t\t<div class=\"elementor-element elementor-element-1d21ce3 e-grid e-con-boxed e-con e-parent\" data-id=\"1d21ce3\" data-element_type=\"container\" data-e-type=\"container\">\n\t\t\t\t\t<div class=\"e-con-inner\">\n\t\t\t\t<div class=\"elementor-element elementor-element-dc90d39 elementor-view-default elementor-position-block-start elementor-mobile-position-block-start elementor-widget elementor-widget-icon-box\" data-id=\"dc90d39\" data-element_type=\"widget\" data-e-type=\"widget\" data-widget_type=\"icon-box.default\">\n\t\t\t\t<div class=\"elementor-widget-container\">\n\t\t\t\t\t\t\t<div class=\"elementor-icon-box-wrapper\">\n\n\t\t\t\t\t\t<div class=\"elementor-icon-box-icon\">\n\t\t\t\t<a href=\"https:\/\/www.decoral-system.com\/pl\/qualitybook_english_mrk-017-011\/\" target=\"_blank\" class=\"elementor-icon\" tabindex=\"-1\" aria-label=\" Angielski\">\n\t\t\t\t<svg aria-hidden=\"true\" class=\"e-font-icon-svg e-fas-file-download\" viewbox=\"0 0 384 512\" xmlns=\"http:\/\/www.w3.org\/2000\/svg\"><path d=\"M224 136V0H24C10.7 0 0 10.7 0 24v464c0 13.3 10.7 24 24 24h336c13.3 0 24-10.7 24-24V160H248c-13.2 0-24-10.8-24-24zm76.45 211.36l-96.42 95.7c-6.65 6.61-17.39 6.61-24.04 0l-96.42-95.7C73.42 337.29 80.54 320 94.82 320H160v-80c0-8.84 7.16-16 16-16h32c8.84 0 16 7.16 16 16v80h65.18c14.28 0 21.4 17.29 11.27 27.36zM377 105L279.1 7c-4.5-4.5-10.6-7-17-7H256v128h128v-6.1c0-6.3-2.5-12.4-7-16.9z\"><\/path><\/svg>\t\t\t\t<\/a>\n\t\t\t<\/div>\n\t\t\t\n\t\t\t\t\t\t<div class=\"elementor-icon-box-content\">\n\n\t\t\t\t\t\t\t\t\t<h3 class=\"elementor-icon-box-title\">\n\t\t\t\t\t\t<a href=\"https:\/\/www.decoral-system.com\/pl\/qualitybook_english_mrk-017-011\/\" target=\"_blank\" >\n\t\t\t\t\t\t\t Angielski\t\t\t\t\t\t<\/a>\n\t\t\t\t\t<\/h3>\n\t\t\t\t\n\t\t\t\t\n\t\t\t<\/div>\n\t\t\t\n\t\t<\/div>\n\t\t\t\t\t\t<\/div>\n\t\t\t\t<\/div>\n\t\t\t\t<div class=\"elementor-element elementor-element-51f8387 elementor-view-default elementor-position-block-start elementor-mobile-position-block-start elementor-widget elementor-widget-icon-box\" data-id=\"51f8387\" data-element_type=\"widget\" data-e-type=\"widget\" data-widget_type=\"icon-box.default\">\n\t\t\t\t<div class=\"elementor-widget-container\">\n\t\t\t\t\t\t\t<div class=\"elementor-icon-box-wrapper\">\n\n\t\t\t\t\t\t<div class=\"elementor-icon-box-icon\">\n\t\t\t\t<a href=\"https:\/\/www.decoral-system.com\/pl\/qualitybook_ita_mrk-017-010\/\" target=\"_blank\" class=\"elementor-icon\" tabindex=\"-1\" aria-label=\"W\u0142oski\">\n\t\t\t\t<svg aria-hidden=\"true\" class=\"e-font-icon-svg e-fas-file-download\" viewbox=\"0 0 384 512\" xmlns=\"http:\/\/www.w3.org\/2000\/svg\"><path d=\"M224 136V0H24C10.7 0 0 10.7 0 24v464c0 13.3 10.7 24 24 24h336c13.3 0 24-10.7 24-24V160H248c-13.2 0-24-10.8-24-24zm76.45 211.36l-96.42 95.7c-6.65 6.61-17.39 6.61-24.04 0l-96.42-95.7C73.42 337.29 80.54 320 94.82 320H160v-80c0-8.84 7.16-16 16-16h32c8.84 0 16 7.16 16 16v80h65.18c14.28 0 21.4 17.29 11.27 27.36zM377 105L279.1 7c-4.5-4.5-10.6-7-17-7H256v128h128v-6.1c0-6.3-2.5-12.4-7-16.9z\"><\/path><\/svg>\t\t\t\t<\/a>\n\t\t\t<\/div>\n\t\t\t\n\t\t\t\t\t\t<div class=\"elementor-icon-box-content\">\n\n\t\t\t\t\t\t\t\t\t<h3 class=\"elementor-icon-box-title\">\n\t\t\t\t\t\t<a href=\"https:\/\/www.decoral-system.com\/pl\/qualitybook_ita_mrk-017-010\/\" target=\"_blank\" >\n\t\t\t\t\t\t\tW\u0142oski\t\t\t\t\t\t<\/a>\n\t\t\t\t\t<\/h3>\n\t\t\t\t\n\t\t\t\t\n\t\t\t<\/div>\n\t\t\t\n\t\t<\/div>\n\t\t\t\t\t\t<\/div>\n\t\t\t\t<\/div>\n\t\t\t\t\t<\/div>\n\t\t\t\t<\/div>\n\t\t<div class=\"elementor-element elementor-element-aa53378 e-flex e-con-boxed e-con e-parent\" data-id=\"aa53378\" data-element_type=\"container\" data-e-type=\"container\">\n\t\t\t\t\t<div class=\"e-con-inner\">\n\t\t\t\t<div class=\"elementor-element elementor-element-0acbec4 elementor-widget-divider--view-line elementor-widget elementor-widget-divider\" data-id=\"0acbec4\" data-element_type=\"widget\" data-e-type=\"widget\" data-widget_type=\"divider.default\">\n\t\t\t\t<div class=\"elementor-widget-container\">\n\t\t\t\t\t\t\t<div class=\"elementor-divider\">\n\t\t\t<span class=\"elementor-divider-separator\">\n\t\t\t\t\t\t<\/span>\n\t\t<\/div>\n\t\t\t\t\t\t<\/div>\n\t\t\t\t<\/div>\n\t\t\t\t<div class=\"elementor-element elementor-element-47e7ae9 elementor-widget elementor-widget-spacer\" data-id=\"47e7ae9\" data-element_type=\"widget\" data-e-type=\"widget\" data-widget_type=\"spacer.default\">\n\t\t\t\t<div class=\"elementor-widget-container\">\n\t\t\t\t\t\t\t<div class=\"elementor-spacer\">\n\t\t\t<div class=\"elementor-spacer-inner\"><\/div>\n\t\t<\/div>\n\t\t\t\t\t\t<\/div>\n\t\t\t\t<\/div>\n\t\t\t\t\t<\/div>\n\t\t\t\t<\/div>\n\t\t<div class=\"elementor-element elementor-element-284e5cd e-flex e-con-boxed e-con e-parent\" data-id=\"284e5cd\" data-element_type=\"container\" data-e-type=\"container\">\n\t\t\t\t\t<div class=\"e-con-inner\">\n\t\t\t\t<div class=\"elementor-element elementor-element-4132fbc elementor-button-info elementor-align-center elementor-widget elementor-widget-button\" data-id=\"4132fbc\" data-element_type=\"widget\" data-e-type=\"widget\" data-widget_type=\"button.default\">\n\t\t\t\t<div class=\"elementor-widget-container\">\n\t\t\t\t\t\t\t\t\t<div class=\"elementor-button-wrapper\">\n\t\t\t\t\t<a class=\"elementor-button elementor-button-link elementor-size-sm\" href=\"https:\/\/www.decoral-system.com\/pl\/kontakty\/\">\n\t\t\t\t\t\t<span class=\"elementor-button-content-wrapper\">\n\t\t\t\t\t\t\t\t\t<span class=\"elementor-button-text\">Kontakt<\/span>\n\t\t\t\t\t<\/span>\n\t\t\t\t\t<\/a>\n\t\t\t\t<\/div>\n\t\t\t\t\t\t\t\t<\/div>\n\t\t\t\t<\/div>\n\t\t\t\t\t<\/div>\n\t\t\t\t<\/div>\n\t\t\t\t<\/div>","protected":false},"excerpt":{"rendered":"<p>Quality Book What we work for From internal quality control to international certifications and patents. Download the pdf to learn all about the quality of our products. English Italian Contact Us<\/p>","protected":false},"author":1,"featured_media":0,"parent":2404,"menu_order":0,"comment_status":"closed","ping_status":"closed","template":"","meta":{"_acf_changed":false,"_eb_attr":"","postBodyCss":"","postBodyMargin":[],"postBodyPadding":[],"postBodyBackground":{"backgroundType":"classic","gradient":""},"footnotes":""},"class_list":["post-2544","page","type-page","status-publish","hentry"],"acf":[],"yoast_head":"<!-- This site is optimized with the Yoast SEO plugin v27.4 - https:\/\/yoast.com\/product\/yoast-seo-wordpress\/ -->\n<title>Powder, Transfer film, Machinery | Everything to decorate metal<\/title>\n<meta name=\"description\" content=\"We invented Decoral\u00ae sublimation process, a technology to decorate metal products, such as profiles, sheets or objects with complex shape.\" \/>\n<meta name=\"robots\" content=\"index, follow, max-snippet:-1, max-image-preview:large, max-video-preview:-1\" \/>\n<link rel=\"canonical\" href=\"https:\/\/www.decoral-system.com\/pl\/pobieranie\/ksiazka-wysokiej-jakosci\/\" \/>\n<meta property=\"og:locale\" content=\"pl_PL\" \/>\n<meta property=\"og:type\" content=\"article\" \/>\n<meta property=\"og:title\" content=\"Powder, Transfer film, Machinery | Everything to decorate metal\" \/>\n<meta property=\"og:description\" content=\"We invented Decoral\u00ae sublimation process, a technology to decorate metal products, such as profiles, sheets or objects with complex shape.\" \/>\n<meta property=\"og:url\" content=\"https:\/\/www.decoral-system.com\/pl\/pobieranie\/ksiazka-wysokiej-jakosci\/\" \/>\n<meta property=\"og:site_name\" content=\"Decoral System\" \/>\n<meta property=\"article:publisher\" content=\"https:\/\/www.facebook.com\/DecoralGroup\/\" \/>\n<meta property=\"article:modified_time\" content=\"2024-12-03T16:23:19+00:00\" \/>\n<meta property=\"og:image\" content=\"http:\/\/10.0.30.16\/decoral-system\/wp-content\/uploads\/2024\/12\/QualityBook-decoral-system-quality-book-768x512.jpg\" \/>\n<meta name=\"twitter:card\" content=\"summary_large_image\" \/>\n<meta name=\"twitter:label1\" content=\"Szacowany czas czytania\" \/>\n\t<meta name=\"twitter:data1\" content=\"1 minuta\" \/>\n<script type=\"application\/ld+json\" class=\"yoast-schema-graph\">{\"@context\":\"https:\\\/\\\/schema.org\",\"@graph\":[{\"@type\":\"WebPage\",\"@id\":\"https:\\\/\\\/www.decoral-system.com\\\/download\\\/quality-book\\\/\",\"url\":\"https:\\\/\\\/www.decoral-system.com\\\/download\\\/quality-book\\\/\",\"name\":\"Powder, Transfer film, Machinery | Everything to decorate metal\",\"isPartOf\":{\"@id\":\"https:\\\/\\\/www.decoral-system.com\\\/#website\"},\"primaryImageOfPage\":{\"@id\":\"https:\\\/\\\/www.decoral-system.com\\\/download\\\/quality-book\\\/#primaryimage\"},\"image\":{\"@id\":\"https:\\\/\\\/www.decoral-system.com\\\/download\\\/quality-book\\\/#primaryimage\"},\"thumbnailUrl\":\"http:\\\/\\\/10.0.30.16\\\/decoral-system\\\/wp-content\\\/uploads\\\/2024\\\/12\\\/QualityBook-decoral-system-quality-book-768x512.jpg\",\"datePublished\":\"2024-12-03T16:20:45+00:00\",\"dateModified\":\"2024-12-03T16:23:19+00:00\",\"description\":\"We invented Decoral\u00ae sublimation process, a technology to decorate metal products, such as profiles, sheets or objects with complex shape.\",\"breadcrumb\":{\"@id\":\"https:\\\/\\\/www.decoral-system.com\\\/download\\\/quality-book\\\/#breadcrumb\"},\"inLanguage\":\"pl-PL\",\"potentialAction\":[{\"@type\":\"ReadAction\",\"target\":[\"https:\\\/\\\/www.decoral-system.com\\\/download\\\/quality-book\\\/\"]}]},{\"@type\":\"ImageObject\",\"inLanguage\":\"pl-PL\",\"@id\":\"https:\\\/\\\/www.decoral-system.com\\\/download\\\/quality-book\\\/#primaryimage\",\"url\":\"http:\\\/\\\/10.0.30.16\\\/decoral-system\\\/wp-content\\\/uploads\\\/2024\\\/12\\\/QualityBook-decoral-system-quality-book-768x512.jpg\",\"contentUrl\":\"http:\\\/\\\/10.0.30.16\\\/decoral-system\\\/wp-content\\\/uploads\\\/2024\\\/12\\\/QualityBook-decoral-system-quality-book-768x512.jpg\"},{\"@type\":\"BreadcrumbList\",\"@id\":\"https:\\\/\\\/www.decoral-system.com\\\/download\\\/quality-book\\\/#breadcrumb\",\"itemListElement\":[{\"@type\":\"ListItem\",\"position\":1,\"name\":\"Home\",\"item\":\"https:\\\/\\\/www.decoral-system.com\\\/\"},{\"@type\":\"ListItem\",\"position\":2,\"name\":\"Download\",\"item\":\"https:\\\/\\\/www.decoral-system.com\\\/download\\\/\"},{\"@type\":\"ListItem\",\"position\":3,\"name\":\"Quality Book\"}]},{\"@type\":\"WebSite\",\"@id\":\"https:\\\/\\\/www.decoral-system.com\\\/#website\",\"url\":\"https:\\\/\\\/www.decoral-system.com\\\/\",\"name\":\"Decoral System\",\"description\":\"Imagine your colors\",\"publisher\":{\"@id\":\"https:\\\/\\\/www.decoral-system.com\\\/#organization\"},\"potentialAction\":[{\"@type\":\"SearchAction\",\"target\":{\"@type\":\"EntryPoint\",\"urlTemplate\":\"https:\\\/\\\/www.decoral-system.com\\\/?s={search_term_string}\"},\"query-input\":{\"@type\":\"PropertyValueSpecification\",\"valueRequired\":true,\"valueName\":\"search_term_string\"}}],\"inLanguage\":\"pl-PL\"},{\"@type\":\"Organization\",\"@id\":\"https:\\\/\\\/www.decoral-system.com\\\/#organization\",\"name\":\"Decoral System\",\"url\":\"https:\\\/\\\/www.decoral-system.com\\\/\",\"logo\":{\"@type\":\"ImageObject\",\"inLanguage\":\"pl-PL\",\"@id\":\"https:\\\/\\\/www.decoral-system.com\\\/#\\\/schema\\\/logo\\\/image\\\/\",\"url\":\"https:\\\/\\\/www.decoral-system.com\\\/wp-content\\\/uploads\\\/2024\\\/09\\\/decoral-system_logo.png\",\"contentUrl\":\"https:\\\/\\\/www.decoral-system.com\\\/wp-content\\\/uploads\\\/2024\\\/09\\\/decoral-system_logo.png\",\"width\":639,\"height\":96,\"caption\":\"Decoral System\"},\"image\":{\"@id\":\"https:\\\/\\\/www.decoral-system.com\\\/#\\\/schema\\\/logo\\\/image\\\/\"},\"sameAs\":[\"https:\\\/\\\/www.facebook.com\\\/DecoralGroup\\\/\",\"https:\\\/\\\/www.instagram.com\\\/decoralgroup\",\"https:\\\/\\\/www.linkedin.com\\\/company\\\/decoral-group\"]}]}<\/script>\n<!-- \/ Yoast SEO plugin. -->","yoast_head_json":{"title":"Proszek, Folia transferowa, Maszyny | Wszystko do dekoracji metalu","description":"Wynale\u017ali\u015bmy proces sublimacji Decoral\u00ae, technologi\u0119 zdobienia produkt\u00f3w metalowych, takich jak profile, blachy lub przedmioty o skomplikowanych kszta\u0142tach.","robots":{"index":"index","follow":"follow","max-snippet":"max-snippet:-1","max-image-preview":"max-image-preview:large","max-video-preview":"max-video-preview:-1"},"canonical":"https:\/\/www.decoral-system.com\/pl\/pobieranie\/ksiazka-wysokiej-jakosci\/","og_locale":"pl_PL","og_type":"article","og_title":"Powder, Transfer film, Machinery | Everything to decorate metal","og_description":"We invented Decoral\u00ae sublimation process, a technology to decorate metal products, such as profiles, sheets or objects with complex shape.","og_url":"https:\/\/www.decoral-system.com\/pl\/pobieranie\/ksiazka-wysokiej-jakosci\/","og_site_name":"Decoral System","article_publisher":"https:\/\/www.facebook.com\/DecoralGroup\/","article_modified_time":"2024-12-03T16:23:19+00:00","og_image":[{"url":"http:\/\/10.0.30.16\/decoral-system\/wp-content\/uploads\/2024\/12\/QualityBook-decoral-system-quality-book-768x512.jpg","type":"","width":"","height":""}],"twitter_card":"summary_large_image","twitter_misc":{"Szacowany czas czytania":"1 minuta"},"schema":{"@context":"https:\/\/schema.org","@graph":[{"@type":"WebPage","@id":"https:\/\/www.decoral-system.com\/download\/quality-book\/","url":"https:\/\/www.decoral-system.com\/download\/quality-book\/","name":"Proszek, Folia transferowa, Maszyny | Wszystko do dekoracji metalu","isPartOf":{"@id":"https:\/\/www.decoral-system.com\/#website"},"primaryImageOfPage":{"@id":"https:\/\/www.decoral-system.com\/download\/quality-book\/#primaryimage"},"image":{"@id":"https:\/\/www.decoral-system.com\/download\/quality-book\/#primaryimage"},"thumbnailUrl":"http:\/\/10.0.30.16\/decoral-system\/wp-content\/uploads\/2024\/12\/QualityBook-decoral-system-quality-book-768x512.jpg","datePublished":"2024-12-03T16:20:45+00:00","dateModified":"2024-12-03T16:23:19+00:00","description":"Wynale\u017ali\u015bmy proces sublimacji Decoral\u00ae, technologi\u0119 zdobienia produkt\u00f3w metalowych, takich jak profile, blachy lub przedmioty o skomplikowanych kszta\u0142tach.","breadcrumb":{"@id":"https:\/\/www.decoral-system.com\/download\/quality-book\/#breadcrumb"},"inLanguage":"pl-PL","potentialAction":[{"@type":"ReadAction","target":["https:\/\/www.decoral-system.com\/download\/quality-book\/"]}]},{"@type":"ImageObject","inLanguage":"pl-PL","@id":"https:\/\/www.decoral-system.com\/download\/quality-book\/#primaryimage","url":"http:\/\/10.0.30.16\/decoral-system\/wp-content\/uploads\/2024\/12\/QualityBook-decoral-system-quality-book-768x512.jpg","contentUrl":"http:\/\/10.0.30.16\/decoral-system\/wp-content\/uploads\/2024\/12\/QualityBook-decoral-system-quality-book-768x512.jpg"},{"@type":"BreadcrumbList","@id":"https:\/\/www.decoral-system.com\/download\/quality-book\/#breadcrumb","itemListElement":[{"@type":"ListItem","position":1,"name":"Home","item":"https:\/\/www.decoral-system.com\/"},{"@type":"ListItem","position":2,"name":"Download","item":"https:\/\/www.decoral-system.com\/download\/"},{"@type":"ListItem","position":3,"name":"Quality Book"}]},{"@type":"WebSite","@id":"https:\/\/www.decoral-system.com\/#website","url":"https:\/\/www.decoral-system.com\/","name":"System dekoralowy","description":"Wyobra\u017a sobie swoje kolory","publisher":{"@id":"https:\/\/www.decoral-system.com\/#organization"},"potentialAction":[{"@type":"SearchAction","target":{"@type":"EntryPoint","urlTemplate":"https:\/\/www.decoral-system.com\/?s={search_term_string}"},"query-input":{"@type":"PropertyValueSpecification","valueRequired":true,"valueName":"search_term_string"}}],"inLanguage":"pl-PL"},{"@type":"Organization","@id":"https:\/\/www.decoral-system.com\/#organization","name":"System dekoralowy","url":"https:\/\/www.decoral-system.com\/","logo":{"@type":"ImageObject","inLanguage":"pl-PL","@id":"https:\/\/www.decoral-system.com\/#\/schema\/logo\/image\/","url":"https:\/\/www.decoral-system.com\/wp-content\/uploads\/2024\/09\/decoral-system_logo.png","contentUrl":"https:\/\/www.decoral-system.com\/wp-content\/uploads\/2024\/09\/decoral-system_logo.png","width":639,"height":96,"caption":"Decoral System"},"image":{"@id":"https:\/\/www.decoral-system.com\/#\/schema\/logo\/image\/"},"sameAs":["https:\/\/www.facebook.com\/DecoralGroup\/","https:\/\/www.instagram.com\/decoralgroup","https:\/\/www.linkedin.com\/company\/decoral-group"]}]}},"_links":{"self":[{"href":"https:\/\/www.decoral-system.com\/pl\/wp-json\/wp\/v2\/pages\/2544","targetHints":{"allow":["GET"]}}],"collection":[{"href":"https:\/\/www.decoral-system.com\/pl\/wp-json\/wp\/v2\/pages"}],"about":[{"href":"https:\/\/www.decoral-system.com\/pl\/wp-json\/wp\/v2\/types\/page"}],"author":[{"embeddable":true,"href":"https:\/\/www.decoral-system.com\/pl\/wp-json\/wp\/v2\/users\/1"}],"replies":[{"embeddable":true,"href":"https:\/\/www.decoral-system.com\/pl\/wp-json\/wp\/v2\/comments?post=2544"}],"version-history":[{"count":4,"href":"https:\/\/www.decoral-system.com\/pl\/wp-json\/wp\/v2\/pages\/2544\/revisions"}],"predecessor-version":[{"id":2549,"href":"https:\/\/www.decoral-system.com\/pl\/wp-json\/wp\/v2\/pages\/2544\/revisions\/2549"}],"up":[{"embeddable":true,"href":"https:\/\/www.decoral-system.com\/pl\/wp-json\/wp\/v2\/pages\/2404"}],"wp:attachment":[{"href":"https:\/\/www.decoral-system.com\/pl\/wp-json\/wp\/v2\/media?parent=2544"}],"curies":[{"name":"wp","href":"https:\/\/api.w.org\/{rel}","templated":true}]}}