{"id":1503,"date":"2024-10-08T16:01:44","date_gmt":"2024-10-08T14:01:44","guid":{"rendered":"http:\/\/10.0.30.16\/decoral-system\/?page_id=1503"},"modified":"2025-09-01T11:18:27","modified_gmt":"2025-09-01T09:18:27","slug":"decoral-process","status":"publish","type":"page","link":"https:\/\/www.decoral-system.com\/pl\/wiedziec-jak\/proces-dekoracyjny\/","title":{"rendered":"Proces dekoralny"},"content":{"rendered":"<div data-elementor-type=\"wp-page\" data-elementor-id=\"1503\" class=\"elementor elementor-1503\" data-elementor-post-type=\"page\">\n\t\t\t\t<div class=\"elementor-element elementor-element-39e72cc e-con-full e-flex e-con e-parent\" data-id=\"39e72cc\" data-element_type=\"container\" data-e-type=\"container\" data-settings=\"{&quot;background_background&quot;:&quot;classic&quot;}\">\n\t\t<div class=\"elementor-element elementor-element-99020aa e-con-full animated-slow e-flex elementor-invisible e-con e-child\" data-id=\"99020aa\" data-element_type=\"container\" data-e-type=\"container\" data-settings=\"{&quot;background_background&quot;:&quot;classic&quot;,&quot;animation&quot;:&quot;fadeIn&quot;}\">\n\t\t\t\t<div class=\"elementor-element elementor-element-0a8e904 elementor-invisible elementor-widget elementor-widget-heading\" data-id=\"0a8e904\" data-element_type=\"widget\" data-e-type=\"widget\" data-settings=\"{&quot;_animation&quot;:&quot;fadeInLeft&quot;}\" data-widget_type=\"heading.default\">\n\t\t\t\t<div class=\"elementor-widget-container\">\n\t\t\t\t\t<h1 class=\"elementor-heading-title elementor-size-default\">Proces dekoralny<\/h1>\t\t\t\t<\/div>\n\t\t\t\t<\/div>\n\t\t\t\t<\/div>\n\t\t\t\t<\/div>\n\t\t<div class=\"elementor-element elementor-element-4fd2b5f e-flex e-con-boxed e-con e-parent\" data-id=\"4fd2b5f\" data-element_type=\"container\" data-e-type=\"container\">\n\t\t\t\t\t<div class=\"e-con-inner\">\n\t\t\t\t<div class=\"elementor-element elementor-element-6190cfe elementor-align-left elementor-widget elementor-widget-breadcrumbs\" data-id=\"6190cfe\" data-element_type=\"widget\" data-e-type=\"widget\" data-widget_type=\"breadcrumbs.default\">\n\t\t\t\t<div class=\"elementor-widget-container\">\n\t\t\t\t\t<div id=\"breadcrumbs\"><span><span><a href=\"https:\/\/www.decoral-system.com\/pl\/\">Strona g\u0142\u00f3wna<\/a><\/span><\/span><\/div>\t\t\t\t<\/div>\n\t\t\t\t<\/div>\n\t\t\t\t\t<\/div>\n\t\t\t\t<\/div>\n\t\t<div class=\"elementor-element elementor-element-28a2ca0 animated-slow e-flex e-con-boxed elementor-invisible e-con e-parent\" data-id=\"28a2ca0\" data-element_type=\"container\" data-e-type=\"container\" data-settings=\"{&quot;animation&quot;:&quot;fadeInLeft&quot;}\">\n\t\t\t\t\t<div class=\"e-con-inner\">\n\t\t<div class=\"elementor-element elementor-element-3cee1d8 e-con-full e-flex e-con e-child\" data-id=\"3cee1d8\" data-element_type=\"container\" data-e-type=\"container\">\n\t\t\t\t<div class=\"elementor-element elementor-element-89b8446 elementor-widget elementor-widget-text-editor\" data-id=\"89b8446\" data-element_type=\"widget\" data-e-type=\"widget\" data-widget_type=\"text-editor.default\">\n\t\t\t\t<div class=\"elementor-widget-container\">\n\t\t\t\t\t\t\t\t\t<p>W 1993 r.\u00a0<strong>wynale\u017ali\u015bmy<\/strong>\u00a0a\u00a0<strong>technologia<\/strong>\u00a0do dekorowania powierzchni metalowych, kt\u00f3ry opiera si\u0119 na chemiczno-fizycznym procesie sublimacji.<\/p><p><strong>Aluminium<\/strong>\u00a0Arkusze, profile lub obiekty 3D s\u0105\u00a0<strong>malowany proszkowo<\/strong>\u00a0a nast\u0119pnie\u00a0<strong>zdobiony<\/strong>\u00a0przy u\u017cyciu folii termotransferowej zadrukowanej specjalnymi atramentami.<\/p><p class=\"translation-block\">W ten spos\u00f3b uzyskuje si\u0119 dekoracyjne wyko\u0144czenia, kt\u00f3re odwzorowuj\u0105 naturalne materia\u0142y, takie jak<strong> s\u0142oje drewna, marmur, corten<\/strong> i dowolny obraz na aluminiowym wsporniku.<\/p><p><strong>Dekorowane produkty mog\u0105 by\u0107 certyfikowane do u\u017cytku na zewn\u0105trz.<\/strong><\/p>\t\t\t\t\t\t\t\t<\/div>\n\t\t\t\t<\/div>\n\t\t\t\t<\/div>\n\t\t<div class=\"elementor-element elementor-element-253bac02 e-con-full e-flex e-con e-child\" data-id=\"253bac02\" data-element_type=\"container\" data-e-type=\"container\">\n\t\t\t\t<div class=\"elementor-element elementor-element-2cbaaf97 elementor-widget elementor-widget-image\" data-id=\"2cbaaf97\" data-element_type=\"widget\" data-e-type=\"widget\" data-widget_type=\"image.default\">\n\t\t\t\t<div class=\"elementor-widget-container\">\n\t\t\t\t\t\t\t\t\t\t\t\t\t\t\t<img fetchpriority=\"high\" decoding=\"async\" width=\"800\" height=\"534\" src=\"https:\/\/www.decoral-system.com\/wp-content\/uploads\/2024\/10\/decoral-process-cover-1024x683.jpg\" class=\"attachment-large size-large wp-image-1508\" alt=\"\" srcset=\"https:\/\/www.decoral-system.com\/wp-content\/uploads\/2024\/10\/decoral-process-cover-1024x683.jpg 1024w, https:\/\/www.decoral-system.com\/wp-content\/uploads\/2024\/10\/decoral-process-cover-300x200.jpg 300w, https:\/\/www.decoral-system.com\/wp-content\/uploads\/2024\/10\/decoral-process-cover-768x512.jpg 768w, https:\/\/www.decoral-system.com\/wp-content\/uploads\/2024\/10\/decoral-process-cover-1536x1024.jpg 1536w, https:\/\/www.decoral-system.com\/wp-content\/uploads\/2024\/10\/decoral-process-cover-18x12.jpg 18w, https:\/\/www.decoral-system.com\/wp-content\/uploads\/2024\/10\/decoral-process-cover.jpg 1890w\" sizes=\"(max-width: 800px) 100vw, 800px\" \/>\t\t\t\t\t\t\t\t\t\t\t\t\t\t\t<\/div>\n\t\t\t\t<\/div>\n\t\t\t\t<\/div>\n\t\t\t\t\t<\/div>\n\t\t\t\t<\/div>\n\t\t<div class=\"elementor-element elementor-element-458f0d7 e-flex e-con-boxed e-con e-parent\" data-id=\"458f0d7\" data-element_type=\"container\" data-e-type=\"container\" data-settings=\"{&quot;background_background&quot;:&quot;classic&quot;}\">\n\t\t\t\t\t<div class=\"e-con-inner\">\n\t\t\t\t<div class=\"elementor-element elementor-element-70e435e elementor-widget elementor-widget-spacer\" data-id=\"70e435e\" data-element_type=\"widget\" data-e-type=\"widget\" data-widget_type=\"spacer.default\">\n\t\t\t\t<div class=\"elementor-widget-container\">\n\t\t\t\t\t\t\t<div class=\"elementor-spacer\">\n\t\t\t<div class=\"elementor-spacer-inner\"><\/div>\n\t\t<\/div>\n\t\t\t\t\t\t<\/div>\n\t\t\t\t<\/div>\n\t\t\t\t\t<\/div>\n\t\t\t\t<\/div>\n\t\t<div class=\"elementor-element elementor-element-016a881 e-flex e-con-boxed e-con e-parent\" data-id=\"016a881\" data-element_type=\"container\" data-e-type=\"container\">\n\t\t\t\t\t<div class=\"e-con-inner\">\n\t\t<div class=\"elementor-element elementor-element-c61f0e7 e-con-full e-flex e-con e-child\" data-id=\"c61f0e7\" data-element_type=\"container\" data-e-type=\"container\">\n\t\t\t\t<div class=\"elementor-element elementor-element-e4b4584 elementor-widget elementor-widget-heading\" data-id=\"e4b4584\" data-element_type=\"widget\" data-e-type=\"widget\" data-widget_type=\"heading.default\">\n\t\t\t\t<div class=\"elementor-widget-container\">\n\t\t\t\t\t<h2 class=\"elementor-heading-title elementor-size-default\">Obr\u00f3bka wst\u0119pna<\/h2>\t\t\t\t<\/div>\n\t\t\t\t<\/div>\n\t\t\t\t<div class=\"elementor-element elementor-element-26a0b00 elementor-widget elementor-widget-text-editor\" data-id=\"26a0b00\" data-element_type=\"widget\" data-e-type=\"widget\" data-widget_type=\"text-editor.default\">\n\t\t\t\t<div class=\"elementor-widget-container\">\n\t\t\t\t\t\t\t\t\t<p>Obr\u00f3bka wst\u0119pna ma na celu oczyszczenie i zabezpieczenie powierzchni metalu przed korozj\u0105 i czynnikami atmosferycznymi. Jest to etap niezb\u0119dny do przygotowania metalowego pod\u0142o\u017ca i zapewnienia wysokiej jako\u015bci pow\u0142oki proszkowej.<\/p>\t\t\t\t\t\t\t\t<\/div>\n\t\t\t\t<\/div>\n\t\t\t\t<\/div>\n\t\t<div class=\"elementor-element elementor-element-ffdfee5 e-con-full e-flex e-con e-child\" data-id=\"ffdfee5\" data-element_type=\"container\" data-e-type=\"container\" data-settings=\"{&quot;background_background&quot;:&quot;classic&quot;}\">\n\t\t\t\t<div class=\"elementor-element elementor-element-03df05f elementor-widget elementor-widget-heading\" data-id=\"03df05f\" data-element_type=\"widget\" data-e-type=\"widget\" data-widget_type=\"heading.default\">\n\t\t\t\t<div class=\"elementor-widget-container\">\n\t\t\t\t\t<div class=\"elementor-heading-title elementor-size-default\">1<\/div>\t\t\t\t<\/div>\n\t\t\t\t<\/div>\n\t\t\t\t<\/div>\n\t\t\t\t\t<\/div>\n\t\t\t\t<\/div>\n\t\t<div class=\"elementor-element elementor-element-366cd69 e-flex e-con-boxed e-con e-parent\" data-id=\"366cd69\" data-element_type=\"container\" data-e-type=\"container\">\n\t\t\t\t\t<div class=\"e-con-inner\">\n\t\t<div class=\"elementor-element elementor-element-6b9746e e-con-full e-flex e-con e-child\" data-id=\"6b9746e\" data-element_type=\"container\" data-e-type=\"container\" data-settings=\"{&quot;background_background&quot;:&quot;classic&quot;}\">\n\t\t\t\t<div class=\"elementor-element elementor-element-d967d70 elementor-widget elementor-widget-heading\" data-id=\"d967d70\" data-element_type=\"widget\" data-e-type=\"widget\" data-widget_type=\"heading.default\">\n\t\t\t\t<div class=\"elementor-widget-container\">\n\t\t\t\t\t<div class=\"elementor-heading-title elementor-size-default\">2<\/div>\t\t\t\t<\/div>\n\t\t\t\t<\/div>\n\t\t\t\t<\/div>\n\t\t<div class=\"elementor-element elementor-element-0dc6857 e-con-full e-flex e-con e-child\" data-id=\"0dc6857\" data-element_type=\"container\" data-e-type=\"container\">\n\t\t\t\t<div class=\"elementor-element elementor-element-267505e elementor-widget elementor-widget-heading\" data-id=\"267505e\" data-element_type=\"widget\" data-e-type=\"widget\" data-widget_type=\"heading.default\">\n\t\t\t\t<div class=\"elementor-widget-container\">\n\t\t\t\t\t<h2 class=\"elementor-heading-title elementor-size-default\">Malowanie proszkowe<\/h2>\t\t\t\t<\/div>\n\t\t\t\t<\/div>\n\t\t\t\t<div class=\"elementor-element elementor-element-af7d970 elementor-widget elementor-widget-text-editor\" data-id=\"af7d970\" data-element_type=\"widget\" data-e-type=\"widget\" data-widget_type=\"text-editor.default\">\n\t\t\t\t<div class=\"elementor-widget-container\">\n\t\t\t\t\t\t\t\t\t<p class=\"translation-block\">Wst\u0119pnie obrobione pod\u0142o\u017ce metalowe jest malowane proszkowo za pomoc\u0105 pistolet\u00f3w elektrostatycznych. Nast\u0119pnie jest utwardzany w piecu zgodnie ze specyfikacjami zawartymi w karcie technicznej. Pow\u0142oka bazowa chroni produkt przed czynnikami takimi jak warunki atmosferyczne, korozja i \u015bcieranie.<br>Nasze farby proszkowe, wykonane z \u017cywic poliestrowych lub poliuretanowych, s\u0105 ca\u0142kowicie wolne od rozpuszczalnik\u00f3w i metali ci\u0119\u017ckich.<\/p>\t\t\t\t\t\t\t\t<\/div>\n\t\t\t\t<\/div>\n\t\t\t\t<\/div>\n\t\t\t\t\t<\/div>\n\t\t\t\t<\/div>\n\t\t<div class=\"elementor-element elementor-element-0efc61d e-flex e-con-boxed e-con e-parent\" data-id=\"0efc61d\" data-element_type=\"container\" data-e-type=\"container\">\n\t\t\t\t\t<div class=\"e-con-inner\">\n\t\t<div class=\"elementor-element elementor-element-69c6400 e-con-full e-flex e-con e-child\" data-id=\"69c6400\" data-element_type=\"container\" data-e-type=\"container\">\n\t\t\t\t<div class=\"elementor-element elementor-element-527e1e6 elementor-widget elementor-widget-heading\" data-id=\"527e1e6\" data-element_type=\"widget\" data-e-type=\"widget\" data-widget_type=\"heading.default\">\n\t\t\t\t<div class=\"elementor-widget-container\">\n\t\t\t\t\t<h2 class=\"elementor-heading-title elementor-size-default\">Dekoracja<\/h2>\t\t\t\t<\/div>\n\t\t\t\t<\/div>\n\t\t\t\t<div class=\"elementor-element elementor-element-37039c1 elementor-widget elementor-widget-text-editor\" data-id=\"37039c1\" data-element_type=\"widget\" data-e-type=\"widget\" data-widget_type=\"text-editor.default\">\n\t\t\t\t<div class=\"elementor-widget-container\">\n\t\t\t\t\t\t\t\t\t<p class=\"translation-block\">Dekorowany przedmiot jest owijany foli\u0105 termotransferow\u0105 z nadrukowanym wzorem dekoracyjnym. Nast\u0119pnie jest ona zgrzewana pr\u00f3\u017cniowo z powierzchni\u0105 i umieszczana w piecu Decoral<sup>\u00ae<\/sup>, gdzie pod wp\u0142ywem ciep\u0142a i ci\u015bnienia farby wydrukowane na folii s\u0105 przenoszone na warstw\u0119 pow\u0142oki. Kilka minut p\u00f3\u017aniej folia jest wyjmowana z maszyny, a wyczerpana folia jest usuwana, aby ods\u0142oni\u0107 dekoracyjny wz\u00f3r.<\/p>\t\t\t\t\t\t\t\t<\/div>\n\t\t\t\t<\/div>\n\t\t\t\t<\/div>\n\t\t<div class=\"elementor-element elementor-element-19c9a0f e-con-full e-flex e-con e-child\" data-id=\"19c9a0f\" data-element_type=\"container\" data-e-type=\"container\" data-settings=\"{&quot;background_background&quot;:&quot;classic&quot;}\">\n\t\t\t\t<div class=\"elementor-element elementor-element-4a22b0c elementor-widget elementor-widget-heading\" data-id=\"4a22b0c\" data-element_type=\"widget\" data-e-type=\"widget\" data-widget_type=\"heading.default\">\n\t\t\t\t<div class=\"elementor-widget-container\">\n\t\t\t\t\t<div class=\"elementor-heading-title elementor-size-default\">3<\/div>\t\t\t\t<\/div>\n\t\t\t\t<\/div>\n\t\t\t\t<\/div>\n\t\t\t\t\t<\/div>\n\t\t\t\t<\/div>\n\t\t<div class=\"elementor-element elementor-element-170c3a4 e-flex e-con-boxed e-con e-parent\" data-id=\"170c3a4\" data-element_type=\"container\" data-e-type=\"container\">\n\t\t\t\t\t<div class=\"e-con-inner\">\n\t\t<div class=\"elementor-element elementor-element-cee2df0 e-con-full e-flex e-con e-child\" data-id=\"cee2df0\" data-element_type=\"container\" data-e-type=\"container\" data-settings=\"{&quot;background_background&quot;:&quot;classic&quot;}\">\n\t\t\t\t<div class=\"elementor-element elementor-element-640b1b7 elementor-widget elementor-widget-heading\" data-id=\"640b1b7\" data-element_type=\"widget\" data-e-type=\"widget\" data-widget_type=\"heading.default\">\n\t\t\t\t<div class=\"elementor-widget-container\">\n\t\t\t\t\t<div class=\"elementor-heading-title elementor-size-default\">4<\/div>\t\t\t\t<\/div>\n\t\t\t\t<\/div>\n\t\t\t\t<\/div>\n\t\t<div class=\"elementor-element elementor-element-acffc60 e-con-full e-flex e-con e-child\" data-id=\"acffc60\" data-element_type=\"container\" data-e-type=\"container\">\n\t\t\t\t<div class=\"elementor-element elementor-element-1bc54da elementor-widget elementor-widget-heading\" data-id=\"1bc54da\" data-element_type=\"widget\" data-e-type=\"widget\" data-widget_type=\"heading.default\">\n\t\t\t\t<div class=\"elementor-widget-container\">\n\t\t\t\t\t<h2 class=\"elementor-heading-title elementor-size-default\">Wynik ko\u0144cowy<\/h2>\t\t\t\t<\/div>\n\t\t\t\t<\/div>\n\t\t\t\t<div class=\"elementor-element elementor-element-8789d66 elementor-widget elementor-widget-text-editor\" data-id=\"8789d66\" data-element_type=\"widget\" data-e-type=\"widget\" data-widget_type=\"text-editor.default\">\n\t\t\t\t<div class=\"elementor-widget-container\">\n\t\t\t\t\t\t\t\t\t<p>Uzyskaj preferowane wyko\u0144czenie dowolnego rodzaju produktu: o\u015bwietlenia, por\u0119czy, mebli, pod\u0142\u00f3g, ogrodze\u0144, okiennic, oznakowa\u0144, obiekt\u00f3w reklamowych itp.<\/p>\t\t\t\t\t\t\t\t<\/div>\n\t\t\t\t<\/div>\n\t\t\t\t<\/div>\n\t\t\t\t\t<\/div>\n\t\t\t\t<\/div>\n\t\t\t\t<\/div>","protected":false},"excerpt":{"rendered":"<p>Decoral Process In 1993\u00a0we invented\u00a0a\u00a0technology\u00a0to decorate metal surfaces which is based on the chemical-physical process of sublimation. Aluminium\u00a0sheets, profiles or 3D objects are\u00a0powder coated\u00a0and then\u00a0decorated\u00a0using a heat-transfer film printed with special inks. This way you get decorative finishes that reproduce natural materials like\u00a0woodgrain, marble, corten\u00a0and whatever image on the aluminium support. Decorated products can be [&hellip;]<\/p>\n","protected":false},"author":1,"featured_media":0,"parent":942,"menu_order":0,"comment_status":"closed","ping_status":"closed","template":"","meta":{"_acf_changed":false,"_eb_attr":"","postBodyCss":"","postBodyMargin":[],"postBodyPadding":[],"postBodyBackground":{"backgroundType":"classic","gradient":""},"footnotes":""},"class_list":["post-1503","page","type-page","status-publish","hentry"],"acf":[],"yoast_head":"<!-- This site is optimized with the Yoast SEO plugin v27.3 - https:\/\/yoast.com\/product\/yoast-seo-wordpress\/ -->\n<title>Powder, Transfer film, Machinery | Everything to decorate metal<\/title>\n<meta name=\"description\" content=\"We invented Decoral\u00ae sublimation process, a technology to decorate metal products, such as profiles, sheets or objects with complex shape.\" \/>\n<meta name=\"robots\" content=\"index, follow, max-snippet:-1, max-image-preview:large, max-video-preview:-1\" \/>\n<link rel=\"canonical\" href=\"https:\/\/www.decoral-system.com\/pl\/wiedziec-jak\/proces-dekoracyjny\/\" \/>\n<meta property=\"og:locale\" content=\"pl_PL\" \/>\n<meta property=\"og:type\" content=\"article\" \/>\n<meta property=\"og:title\" content=\"Powder, Transfer film, Machinery | Everything to decorate metal\" \/>\n<meta property=\"og:description\" content=\"We invented Decoral\u00ae sublimation process, a technology to decorate metal products, such as profiles, sheets or objects with complex shape.\" \/>\n<meta property=\"og:url\" content=\"https:\/\/www.decoral-system.com\/pl\/wiedziec-jak\/proces-dekoracyjny\/\" \/>\n<meta property=\"og:site_name\" content=\"Decoral System\" \/>\n<meta property=\"article:publisher\" content=\"https:\/\/www.facebook.com\/DecoralGroup\/\" \/>\n<meta property=\"article:modified_time\" content=\"2025-09-01T09:18:27+00:00\" \/>\n<meta property=\"og:image\" content=\"http:\/\/10.0.30.16\/decoral-system\/wp-content\/uploads\/2024\/10\/decoral-process-cover-1024x683.jpg\" \/>\n<meta name=\"twitter:card\" content=\"summary_large_image\" \/>\n<meta name=\"twitter:label1\" content=\"Szacowany czas czytania\" \/>\n\t<meta name=\"twitter:data1\" content=\"2 minuty\" \/>\n<script type=\"application\/ld+json\" class=\"yoast-schema-graph\">{\"@context\":\"https:\\\/\\\/schema.org\",\"@graph\":[{\"@type\":\"WebPage\",\"@id\":\"https:\\\/\\\/www.decoral-system.com\\\/know-how\\\/decoral-process\\\/\",\"url\":\"https:\\\/\\\/www.decoral-system.com\\\/know-how\\\/decoral-process\\\/\",\"name\":\"Powder, Transfer film, Machinery | Everything to decorate metal\",\"isPartOf\":{\"@id\":\"https:\\\/\\\/www.decoral-system.com\\\/#website\"},\"primaryImageOfPage\":{\"@id\":\"https:\\\/\\\/www.decoral-system.com\\\/know-how\\\/decoral-process\\\/#primaryimage\"},\"image\":{\"@id\":\"https:\\\/\\\/www.decoral-system.com\\\/know-how\\\/decoral-process\\\/#primaryimage\"},\"thumbnailUrl\":\"http:\\\/\\\/10.0.30.16\\\/decoral-system\\\/wp-content\\\/uploads\\\/2024\\\/10\\\/decoral-process-cover-1024x683.jpg\",\"datePublished\":\"2024-10-08T14:01:44+00:00\",\"dateModified\":\"2025-09-01T09:18:27+00:00\",\"description\":\"We invented Decoral\u00ae sublimation process, a technology to decorate metal products, such as profiles, sheets or objects with complex shape.\",\"breadcrumb\":{\"@id\":\"https:\\\/\\\/www.decoral-system.com\\\/know-how\\\/decoral-process\\\/#breadcrumb\"},\"inLanguage\":\"pl-PL\",\"potentialAction\":[{\"@type\":\"ReadAction\",\"target\":[\"https:\\\/\\\/www.decoral-system.com\\\/know-how\\\/decoral-process\\\/\"]}]},{\"@type\":\"ImageObject\",\"inLanguage\":\"pl-PL\",\"@id\":\"https:\\\/\\\/www.decoral-system.com\\\/know-how\\\/decoral-process\\\/#primaryimage\",\"url\":\"http:\\\/\\\/10.0.30.16\\\/decoral-system\\\/wp-content\\\/uploads\\\/2024\\\/10\\\/decoral-process-cover-1024x683.jpg\",\"contentUrl\":\"http:\\\/\\\/10.0.30.16\\\/decoral-system\\\/wp-content\\\/uploads\\\/2024\\\/10\\\/decoral-process-cover-1024x683.jpg\"},{\"@type\":\"BreadcrumbList\",\"@id\":\"https:\\\/\\\/www.decoral-system.com\\\/know-how\\\/decoral-process\\\/#breadcrumb\",\"itemListElement\":[{\"@type\":\"ListItem\",\"position\":1,\"name\":\"Home\",\"item\":\"https:\\\/\\\/www.decoral-system.com\\\/\"},{\"@type\":\"ListItem\",\"position\":2,\"name\":\"Know-How\",\"item\":\"https:\\\/\\\/www.decoral-system.com\\\/know-how\\\/\"},{\"@type\":\"ListItem\",\"position\":3,\"name\":\"Decoral Process\"}]},{\"@type\":\"WebSite\",\"@id\":\"https:\\\/\\\/www.decoral-system.com\\\/#website\",\"url\":\"https:\\\/\\\/www.decoral-system.com\\\/\",\"name\":\"Decoral System\",\"description\":\"Imagine your colors\",\"publisher\":{\"@id\":\"https:\\\/\\\/www.decoral-system.com\\\/#organization\"},\"potentialAction\":[{\"@type\":\"SearchAction\",\"target\":{\"@type\":\"EntryPoint\",\"urlTemplate\":\"https:\\\/\\\/www.decoral-system.com\\\/?s={search_term_string}\"},\"query-input\":{\"@type\":\"PropertyValueSpecification\",\"valueRequired\":true,\"valueName\":\"search_term_string\"}}],\"inLanguage\":\"pl-PL\"},{\"@type\":\"Organization\",\"@id\":\"https:\\\/\\\/www.decoral-system.com\\\/#organization\",\"name\":\"Decoral System\",\"url\":\"https:\\\/\\\/www.decoral-system.com\\\/\",\"logo\":{\"@type\":\"ImageObject\",\"inLanguage\":\"pl-PL\",\"@id\":\"https:\\\/\\\/www.decoral-system.com\\\/#\\\/schema\\\/logo\\\/image\\\/\",\"url\":\"https:\\\/\\\/www.decoral-system.com\\\/wp-content\\\/uploads\\\/2024\\\/09\\\/decoral-system_logo.png\",\"contentUrl\":\"https:\\\/\\\/www.decoral-system.com\\\/wp-content\\\/uploads\\\/2024\\\/09\\\/decoral-system_logo.png\",\"width\":639,\"height\":96,\"caption\":\"Decoral System\"},\"image\":{\"@id\":\"https:\\\/\\\/www.decoral-system.com\\\/#\\\/schema\\\/logo\\\/image\\\/\"},\"sameAs\":[\"https:\\\/\\\/www.facebook.com\\\/DecoralGroup\\\/\",\"https:\\\/\\\/www.instagram.com\\\/decoralgroup\",\"https:\\\/\\\/www.linkedin.com\\\/company\\\/decoral-group\"]}]}<\/script>\n<!-- \/ Yoast SEO plugin. -->","yoast_head_json":{"title":"Proszek, Folia transferowa, Maszyny | Wszystko do dekoracji metalu","description":"Wynale\u017ali\u015bmy proces sublimacji Decoral\u00ae, technologi\u0119 zdobienia produkt\u00f3w metalowych, takich jak profile, blachy lub przedmioty o skomplikowanych kszta\u0142tach.","robots":{"index":"index","follow":"follow","max-snippet":"max-snippet:-1","max-image-preview":"max-image-preview:large","max-video-preview":"max-video-preview:-1"},"canonical":"https:\/\/www.decoral-system.com\/pl\/wiedziec-jak\/proces-dekoracyjny\/","og_locale":"pl_PL","og_type":"article","og_title":"Powder, Transfer film, Machinery | Everything to decorate metal","og_description":"We invented Decoral\u00ae sublimation process, a technology to decorate metal products, such as profiles, sheets or objects with complex shape.","og_url":"https:\/\/www.decoral-system.com\/pl\/wiedziec-jak\/proces-dekoracyjny\/","og_site_name":"Decoral System","article_publisher":"https:\/\/www.facebook.com\/DecoralGroup\/","article_modified_time":"2025-09-01T09:18:27+00:00","og_image":[{"url":"http:\/\/10.0.30.16\/decoral-system\/wp-content\/uploads\/2024\/10\/decoral-process-cover-1024x683.jpg","type":"","width":"","height":""}],"twitter_card":"summary_large_image","twitter_misc":{"Szacowany czas czytania":"2 minuty"},"schema":{"@context":"https:\/\/schema.org","@graph":[{"@type":"WebPage","@id":"https:\/\/www.decoral-system.com\/know-how\/decoral-process\/","url":"https:\/\/www.decoral-system.com\/know-how\/decoral-process\/","name":"Proszek, Folia transferowa, Maszyny | Wszystko do dekoracji metalu","isPartOf":{"@id":"https:\/\/www.decoral-system.com\/#website"},"primaryImageOfPage":{"@id":"https:\/\/www.decoral-system.com\/know-how\/decoral-process\/#primaryimage"},"image":{"@id":"https:\/\/www.decoral-system.com\/know-how\/decoral-process\/#primaryimage"},"thumbnailUrl":"http:\/\/10.0.30.16\/decoral-system\/wp-content\/uploads\/2024\/10\/decoral-process-cover-1024x683.jpg","datePublished":"2024-10-08T14:01:44+00:00","dateModified":"2025-09-01T09:18:27+00:00","description":"Wynale\u017ali\u015bmy proces sublimacji Decoral\u00ae, technologi\u0119 zdobienia produkt\u00f3w metalowych, takich jak profile, blachy lub przedmioty o skomplikowanych kszta\u0142tach.","breadcrumb":{"@id":"https:\/\/www.decoral-system.com\/know-how\/decoral-process\/#breadcrumb"},"inLanguage":"pl-PL","potentialAction":[{"@type":"ReadAction","target":["https:\/\/www.decoral-system.com\/know-how\/decoral-process\/"]}]},{"@type":"ImageObject","inLanguage":"pl-PL","@id":"https:\/\/www.decoral-system.com\/know-how\/decoral-process\/#primaryimage","url":"http:\/\/10.0.30.16\/decoral-system\/wp-content\/uploads\/2024\/10\/decoral-process-cover-1024x683.jpg","contentUrl":"http:\/\/10.0.30.16\/decoral-system\/wp-content\/uploads\/2024\/10\/decoral-process-cover-1024x683.jpg"},{"@type":"BreadcrumbList","@id":"https:\/\/www.decoral-system.com\/know-how\/decoral-process\/#breadcrumb","itemListElement":[{"@type":"ListItem","position":1,"name":"Home","item":"https:\/\/www.decoral-system.com\/"},{"@type":"ListItem","position":2,"name":"Know-How","item":"https:\/\/www.decoral-system.com\/know-how\/"},{"@type":"ListItem","position":3,"name":"Decoral Process"}]},{"@type":"WebSite","@id":"https:\/\/www.decoral-system.com\/#website","url":"https:\/\/www.decoral-system.com\/","name":"System dekoralowy","description":"Wyobra\u017a sobie swoje kolory","publisher":{"@id":"https:\/\/www.decoral-system.com\/#organization"},"potentialAction":[{"@type":"SearchAction","target":{"@type":"EntryPoint","urlTemplate":"https:\/\/www.decoral-system.com\/?s={search_term_string}"},"query-input":{"@type":"PropertyValueSpecification","valueRequired":true,"valueName":"search_term_string"}}],"inLanguage":"pl-PL"},{"@type":"Organization","@id":"https:\/\/www.decoral-system.com\/#organization","name":"System dekoralowy","url":"https:\/\/www.decoral-system.com\/","logo":{"@type":"ImageObject","inLanguage":"pl-PL","@id":"https:\/\/www.decoral-system.com\/#\/schema\/logo\/image\/","url":"https:\/\/www.decoral-system.com\/wp-content\/uploads\/2024\/09\/decoral-system_logo.png","contentUrl":"https:\/\/www.decoral-system.com\/wp-content\/uploads\/2024\/09\/decoral-system_logo.png","width":639,"height":96,"caption":"Decoral System"},"image":{"@id":"https:\/\/www.decoral-system.com\/#\/schema\/logo\/image\/"},"sameAs":["https:\/\/www.facebook.com\/DecoralGroup\/","https:\/\/www.instagram.com\/decoralgroup","https:\/\/www.linkedin.com\/company\/decoral-group"]}]}},"_links":{"self":[{"href":"https:\/\/www.decoral-system.com\/pl\/wp-json\/wp\/v2\/pages\/1503","targetHints":{"allow":["GET"]}}],"collection":[{"href":"https:\/\/www.decoral-system.com\/pl\/wp-json\/wp\/v2\/pages"}],"about":[{"href":"https:\/\/www.decoral-system.com\/pl\/wp-json\/wp\/v2\/types\/page"}],"author":[{"embeddable":true,"href":"https:\/\/www.decoral-system.com\/pl\/wp-json\/wp\/v2\/users\/1"}],"replies":[{"embeddable":true,"href":"https:\/\/www.decoral-system.com\/pl\/wp-json\/wp\/v2\/comments?post=1503"}],"version-history":[{"count":25,"href":"https:\/\/www.decoral-system.com\/pl\/wp-json\/wp\/v2\/pages\/1503\/revisions"}],"predecessor-version":[{"id":3069,"href":"https:\/\/www.decoral-system.com\/pl\/wp-json\/wp\/v2\/pages\/1503\/revisions\/3069"}],"up":[{"embeddable":true,"href":"https:\/\/www.decoral-system.com\/pl\/wp-json\/wp\/v2\/pages\/942"}],"wp:attachment":[{"href":"https:\/\/www.decoral-system.com\/pl\/wp-json\/wp\/v2\/media?parent=1503"}],"curies":[{"name":"wp","href":"https:\/\/api.w.org\/{rel}","templated":true}]}}