{"id":3117,"date":"2025-09-09T12:49:17","date_gmt":"2025-09-09T10:49:17","guid":{"rendered":"http:\/\/10.0.30.16\/decoral-system\/?page_id=3117"},"modified":"2026-01-07T15:10:33","modified_gmt":"2026-01-07T14:10:33","slug":"certification-sustainability","status":"publish","type":"page","link":"https:\/\/www.decoral-system.com\/fr\/certification-durabilite\/","title":{"rendered":"Certification et durabilit\u00e9"},"content":{"rendered":"<div data-elementor-type=\"wp-page\" data-elementor-id=\"3117\" class=\"elementor elementor-3117\" data-elementor-post-type=\"page\">\n\t\t\t\t<div class=\"elementor-element elementor-element-39e72cc e-con-full e-flex e-con e-parent\" data-id=\"39e72cc\" data-element_type=\"container\" data-e-type=\"container\" data-settings=\"{&quot;background_background&quot;:&quot;classic&quot;}\">\n\t\t<div class=\"elementor-element elementor-element-99020aa e-con-full animated-slow e-flex elementor-invisible e-con e-child\" data-id=\"99020aa\" data-element_type=\"container\" data-e-type=\"container\" data-settings=\"{&quot;background_background&quot;:&quot;classic&quot;,&quot;animation&quot;:&quot;fadeIn&quot;}\">\n\t\t\t\t<div class=\"elementor-element elementor-element-0a8e904 elementor-invisible elementor-widget elementor-widget-heading\" data-id=\"0a8e904\" data-element_type=\"widget\" data-e-type=\"widget\" data-settings=\"{&quot;_animation&quot;:&quot;fadeInLeft&quot;}\" data-widget_type=\"heading.default\">\n\t\t\t\t<div class=\"elementor-widget-container\">\n\t\t\t\t\t<h1 class=\"elementor-heading-title elementor-size-default\">Certification et durabilit\u00e9<\/h1>\t\t\t\t<\/div>\n\t\t\t\t<\/div>\n\t\t\t\t<\/div>\n\t\t\t\t<\/div>\n\t\t<div class=\"elementor-element elementor-element-4189bdbc e-flex e-con-boxed e-con e-parent\" data-id=\"4189bdbc\" data-element_type=\"container\" data-e-type=\"container\">\n\t\t\t\t\t<div class=\"e-con-inner\">\n\t\t\t\t<div class=\"elementor-element elementor-element-59ec3ac5 elementor-align-left elementor-widget elementor-widget-breadcrumbs\" data-id=\"59ec3ac5\" data-element_type=\"widget\" data-e-type=\"widget\" data-widget_type=\"breadcrumbs.default\">\n\t\t\t\t<div class=\"elementor-widget-container\">\n\t\t\t\t\t<div id=\"breadcrumbs\"><span><span><a href=\"https:\/\/www.decoral-system.com\/fr\/\">Home<\/a><\/span><\/span><\/div>\t\t\t\t<\/div>\n\t\t\t\t<\/div>\n\t\t\t\t\t<\/div>\n\t\t\t\t<\/div>\n\t\t<div class=\"elementor-element elementor-element-5bec67e e-flex e-con-boxed e-con e-parent\" data-id=\"5bec67e\" data-element_type=\"container\" data-e-type=\"container\" data-settings=\"{&quot;background_background&quot;:&quot;classic&quot;}\">\n\t\t\t\t\t<div class=\"e-con-inner\">\n\t\t\t\t<div class=\"elementor-element elementor-element-e860c14 elementor-widget elementor-widget-spacer\" data-id=\"e860c14\" data-element_type=\"widget\" data-e-type=\"widget\" data-widget_type=\"spacer.default\">\n\t\t\t\t<div class=\"elementor-widget-container\">\n\t\t\t\t\t\t\t<div class=\"elementor-spacer\">\n\t\t\t<div class=\"elementor-spacer-inner\"><\/div>\n\t\t<\/div>\n\t\t\t\t\t\t<\/div>\n\t\t\t\t<\/div>\n\t\t\t\t\t<\/div>\n\t\t\t\t<\/div>\n\t\t<div class=\"elementor-element elementor-element-90e5fb4 animated-slow e-flex e-con-boxed elementor-invisible e-con e-parent\" data-id=\"90e5fb4\" data-element_type=\"container\" data-e-type=\"container\" data-settings=\"{&quot;animation&quot;:&quot;fadeInRight&quot;}\">\n\t\t\t\t\t<div class=\"e-con-inner\">\n\t\t<div class=\"elementor-element elementor-element-4eb7cdb e-con-full e-flex e-con e-child\" data-id=\"4eb7cdb\" data-element_type=\"container\" data-e-type=\"container\">\n\t\t\t\t<div class=\"elementor-element elementor-element-634e317 elementor-widget elementor-widget-image\" data-id=\"634e317\" data-element_type=\"widget\" data-e-type=\"widget\" data-widget_type=\"image.default\">\n\t\t\t\t<div class=\"elementor-widget-container\">\n\t\t\t\t\t\t\t\t\t\t\t\t\t\t\t<img fetchpriority=\"high\" decoding=\"async\" width=\"800\" height=\"534\" src=\"https:\/\/www.decoral-system.com\/wp-content\/uploads\/2024\/10\/AQU_0194-1024x683.jpg\" class=\"attachment-large size-large wp-image-1029\" alt=\"\" srcset=\"https:\/\/www.decoral-system.com\/wp-content\/uploads\/2024\/10\/AQU_0194-1024x683.jpg 1024w, https:\/\/www.decoral-system.com\/wp-content\/uploads\/2024\/10\/AQU_0194-300x200.jpg 300w, https:\/\/www.decoral-system.com\/wp-content\/uploads\/2024\/10\/AQU_0194-768x513.jpg 768w, https:\/\/www.decoral-system.com\/wp-content\/uploads\/2024\/10\/AQU_0194-1536x1025.jpg 1536w, https:\/\/www.decoral-system.com\/wp-content\/uploads\/2024\/10\/AQU_0194-2048x1367.jpg 2048w, https:\/\/www.decoral-system.com\/wp-content\/uploads\/2024\/10\/AQU_0194-18x12.jpg 18w\" sizes=\"(max-width: 800px) 100vw, 800px\" \/>\t\t\t\t\t\t\t\t\t\t\t\t\t\t\t<\/div>\n\t\t\t\t<\/div>\n\t\t\t\t<\/div>\n\t\t<div class=\"elementor-element elementor-element-5c3588e e-con-full e-flex e-con e-child\" data-id=\"5c3588e\" data-element_type=\"container\" data-e-type=\"container\">\n\t\t\t\t<div class=\"elementor-element elementor-element-dedbe8f elementor-widget elementor-widget-text-editor\" data-id=\"dedbe8f\" data-element_type=\"widget\" data-e-type=\"widget\" data-widget_type=\"text-editor.default\">\n\t\t\t\t<div class=\"elementor-widget-container\">\n\t\t\t\t\t\t\t\t\t<ul><li class=\"p1\"><strong>4.553 m2<\/strong>\u00a0| Surface totale de l'installation<\/li><li class=\"p1\"><strong>4,118 mw<\/strong>\u00a0| \u00e9nergie verte produite<\/li><li class=\"p1\"><strong>2.182.447 kg\u00a0<span style=\"font-weight: 400;\">|<\/span>\u00a0<\/strong>\u00e9missions de CO2 \u00e9vit\u00e9es<\/li><li class=\"p1\"><strong>284.254<\/strong>\u00a0| arbres sauvegard\u00e9s<\/li><li class=\"p1\"><strong>897.450<\/strong>\u00a0l | p\u00e9trole \u00e9vit\u00e9<\/li><\/ul>\t\t\t\t\t\t\t\t<\/div>\n\t\t\t\t<\/div>\n\t\t\t\t<\/div>\n\t\t\t\t\t<\/div>\n\t\t\t\t<\/div>\n\t\t<div class=\"elementor-element elementor-element-79e1039 e-flex e-con-boxed e-con e-parent\" data-id=\"79e1039\" data-element_type=\"container\" data-e-type=\"container\" data-settings=\"{&quot;background_background&quot;:&quot;classic&quot;}\">\n\t\t\t\t\t<div class=\"e-con-inner\">\n\t\t\t\t<div class=\"elementor-element elementor-element-46deb93 elementor-widget elementor-widget-spacer\" data-id=\"46deb93\" data-element_type=\"widget\" data-e-type=\"widget\" data-widget_type=\"spacer.default\">\n\t\t\t\t<div class=\"elementor-widget-container\">\n\t\t\t\t\t\t\t<div class=\"elementor-spacer\">\n\t\t\t<div class=\"elementor-spacer-inner\"><\/div>\n\t\t<\/div>\n\t\t\t\t\t\t<\/div>\n\t\t\t\t<\/div>\n\t\t<div class=\"elementor-element elementor-element-0a111d0 animated-slow e-con-full e-flex elementor-invisible e-con e-child\" data-id=\"0a111d0\" data-element_type=\"container\" data-e-type=\"container\" data-settings=\"{&quot;animation&quot;:&quot;fadeInRight&quot;}\">\n\t\t<div class=\"elementor-element elementor-element-9bf25ad e-con-full e-flex e-con e-child\" data-id=\"9bf25ad\" data-element_type=\"container\" data-e-type=\"container\">\n\t\t\t\t<div class=\"elementor-element elementor-element-eb0752f elementor-widget elementor-widget-image\" data-id=\"eb0752f\" data-element_type=\"widget\" data-e-type=\"widget\" data-widget_type=\"image.default\">\n\t\t\t\t<div class=\"elementor-widget-container\">\n\t\t\t\t\t\t\t\t\t\t\t\t\t\t\t<img decoding=\"async\" width=\"700\" height=\"470\" src=\"https:\/\/www.decoral-system.com\/wp-content\/uploads\/2024\/10\/certificates-download-decoral-system.jpg\" class=\"attachment-large size-large wp-image-1799\" alt=\"\" srcset=\"https:\/\/www.decoral-system.com\/wp-content\/uploads\/2024\/10\/certificates-download-decoral-system.jpg 700w, https:\/\/www.decoral-system.com\/wp-content\/uploads\/2024\/10\/certificates-download-decoral-system-300x201.jpg 300w, https:\/\/www.decoral-system.com\/wp-content\/uploads\/2024\/10\/certificates-download-decoral-system-18x12.jpg 18w\" sizes=\"(max-width: 700px) 100vw, 700px\" \/>\t\t\t\t\t\t\t\t\t\t\t\t\t\t\t<\/div>\n\t\t\t\t<\/div>\n\t\t\t\t<\/div>\n\t\t<div class=\"elementor-element elementor-element-7c24701 e-con-full e-flex e-con e-child\" data-id=\"7c24701\" data-element_type=\"container\" data-e-type=\"container\">\n\t\t\t\t<div class=\"elementor-element elementor-element-beb2a25 elementor-invisible elementor-widget elementor-widget-heading\" data-id=\"beb2a25\" data-element_type=\"widget\" data-e-type=\"widget\" data-settings=\"{&quot;_animation&quot;:&quot;fadeInLeft&quot;}\" data-widget_type=\"heading.default\">\n\t\t\t\t<div class=\"elementor-widget-container\">\n\t\t\t\t\t<h2 class=\"elementor-heading-title elementor-size-default\">Certifications<\/h2>\t\t\t\t<\/div>\n\t\t\t\t<\/div>\n\t\t\t\t<div class=\"elementor-element elementor-element-18a167b elementor-widget elementor-widget-text-editor\" data-id=\"18a167b\" data-element_type=\"widget\" data-e-type=\"widget\" data-widget_type=\"text-editor.default\">\n\t\t\t\t<div class=\"elementor-widget-container\">\n\t\t\t\t\t\t\t\t\t<p class=\"p1\">Les produits Decoral\u00ae sont certifi\u00e9s par les normes internationales de qualit\u00e9 les plus en vue. En fonction de votre projet, notre \u00e9quipe technique peut vous fournir les certifications les plus pertinentes, notamment : QUALICOAT, QUALIDECO, RINA TEST, AAMA. Ces certifications confirment notre engagement envers la performance, la s\u00e9curit\u00e9 et la durabilit\u00e9 des finitions architecturales.<\/p>\t\t\t\t\t\t\t\t<\/div>\n\t\t\t\t<\/div>\n\t\t\t\t<div class=\"elementor-element elementor-element-69175f9 elementor-button-info elementor-align-center elementor-widget elementor-widget-button\" data-id=\"69175f9\" data-element_type=\"widget\" data-e-type=\"widget\" data-widget_type=\"button.default\">\n\t\t\t\t<div class=\"elementor-widget-container\">\n\t\t\t\t\t\t\t\t\t<div class=\"elementor-button-wrapper\">\n\t\t\t\t\t<a class=\"elementor-button elementor-button-link elementor-size-sm elementor-animation-bounce-in\" href=\"https:\/\/www.decoral-system.com\/fr\/certification-durabilite\/certifications\/\">\n\t\t\t\t\t\t<span class=\"elementor-button-content-wrapper\">\n\t\t\t\t\t\t\t\t\t<span class=\"elementor-button-text\">En savoir plus<\/span>\n\t\t\t\t\t<\/span>\n\t\t\t\t\t<\/a>\n\t\t\t\t<\/div>\n\t\t\t\t\t\t\t\t<\/div>\n\t\t\t\t<\/div>\n\t\t\t\t<\/div>\n\t\t\t\t<\/div>\n\t\t\t\t\t<\/div>\n\t\t\t\t<\/div>\n\t\t<div class=\"elementor-element elementor-element-90858a5 e-flex e-con-boxed e-con e-parent\" data-id=\"90858a5\" data-element_type=\"container\" data-e-type=\"container\">\n\t\t\t\t\t<div class=\"e-con-inner\">\n\t\t\t\t<div class=\"elementor-element elementor-element-a39f959 elementor-widget elementor-widget-spacer\" data-id=\"a39f959\" data-element_type=\"widget\" data-e-type=\"widget\" data-widget_type=\"spacer.default\">\n\t\t\t\t<div class=\"elementor-widget-container\">\n\t\t\t\t\t\t\t<div class=\"elementor-spacer\">\n\t\t\t<div class=\"elementor-spacer-inner\"><\/div>\n\t\t<\/div>\n\t\t\t\t\t\t<\/div>\n\t\t\t\t<\/div>\n\t\t\t\t\t<\/div>\n\t\t\t\t<\/div>\n\t\t<div class=\"elementor-element elementor-element-9d5538d animated-slow e-flex e-con-boxed elementor-invisible e-con e-parent\" data-id=\"9d5538d\" data-element_type=\"container\" data-e-type=\"container\" data-settings=\"{&quot;animation&quot;:&quot;fadeInRight&quot;}\">\n\t\t\t\t\t<div class=\"e-con-inner\">\n\t\t<div class=\"elementor-element elementor-element-c3e95c9 e-con-full e-flex e-con e-child\" data-id=\"c3e95c9\" data-element_type=\"container\" data-e-type=\"container\">\n\t\t\t\t<div class=\"elementor-element elementor-element-1fc53c8 elementor-widget elementor-widget-image\" data-id=\"1fc53c8\" data-element_type=\"widget\" data-e-type=\"widget\" data-widget_type=\"image.default\">\n\t\t\t\t<div class=\"elementor-widget-container\">\n\t\t\t\t\t\t\t\t\t\t\t\t\t\t\t<img decoding=\"async\" width=\"585\" height=\"420\" src=\"https:\/\/www.decoral-system.com\/wp-content\/uploads\/2024\/10\/img-brevetti.jpg\" class=\"attachment-large size-large wp-image-1696\" alt=\"\" srcset=\"https:\/\/www.decoral-system.com\/wp-content\/uploads\/2024\/10\/img-brevetti.jpg 585w, https:\/\/www.decoral-system.com\/wp-content\/uploads\/2024\/10\/img-brevetti-300x215.jpg 300w, https:\/\/www.decoral-system.com\/wp-content\/uploads\/2024\/10\/img-brevetti-18x12.jpg 18w\" sizes=\"(max-width: 585px) 100vw, 585px\" \/>\t\t\t\t\t\t\t\t\t\t\t\t\t\t\t<\/div>\n\t\t\t\t<\/div>\n\t\t\t\t<\/div>\n\t\t<div class=\"elementor-element elementor-element-55512f1 e-con-full e-flex e-con e-child\" data-id=\"55512f1\" data-element_type=\"container\" data-e-type=\"container\">\n\t\t\t\t<div class=\"elementor-element elementor-element-6c78764 elementor-invisible elementor-widget elementor-widget-heading\" data-id=\"6c78764\" data-element_type=\"widget\" data-e-type=\"widget\" data-settings=\"{&quot;_animation&quot;:&quot;fadeInLeft&quot;}\" data-widget_type=\"heading.default\">\n\t\t\t\t<div class=\"elementor-widget-container\">\n\t\t\t\t\t<h2 class=\"elementor-heading-title elementor-size-default\">Brevets<\/h2>\t\t\t\t<\/div>\n\t\t\t\t<\/div>\n\t\t\t\t<div class=\"elementor-element elementor-element-68571ea elementor-widget elementor-widget-text-editor\" data-id=\"68571ea\" data-element_type=\"widget\" data-e-type=\"widget\" data-widget_type=\"text-editor.default\">\n\t\t\t\t<div class=\"elementor-widget-container\">\n\t\t\t\t\t\t\t\t\t<p class=\"p1\">Nous sommes l'inventeur de l'effet bois sur l'aluminium. Notre proc\u00e9d\u00e9 et nos produits sont prot\u00e9g\u00e9s par plus de 70 brevets, d\u00e9pos\u00e9s en Italie et \u00e0 l'\u00e9tranger. Depuis les ann\u00e9es 1990, notre \u00e9quipe de R&amp;D n'a cess\u00e9 de d\u00e9velopper des machines, des peintures en poudre et des films de transfert \u00e0 chaud afin d'optimiser le processus de d\u00e9coration des profil\u00e9s, des t\u00f4les plates, des bobines et des objets en 3D.<\/p>\t\t\t\t\t\t\t\t<\/div>\n\t\t\t\t<\/div>\n\t\t\t\t<div class=\"elementor-element elementor-element-75ff24d elementor-button-info elementor-align-center elementor-widget elementor-widget-button\" data-id=\"75ff24d\" data-element_type=\"widget\" data-e-type=\"widget\" data-widget_type=\"button.default\">\n\t\t\t\t<div class=\"elementor-widget-container\">\n\t\t\t\t\t\t\t\t\t<div class=\"elementor-button-wrapper\">\n\t\t\t\t\t<a class=\"elementor-button elementor-button-link elementor-size-sm elementor-animation-bounce-in\" href=\"https:\/\/www.decoral-system.com\/fr\/certification-durabilite\/brevets\/\">\n\t\t\t\t\t\t<span class=\"elementor-button-content-wrapper\">\n\t\t\t\t\t\t\t\t\t<span class=\"elementor-button-text\">En savoir plus<\/span>\n\t\t\t\t\t<\/span>\n\t\t\t\t\t<\/a>\n\t\t\t\t<\/div>\n\t\t\t\t\t\t\t\t<\/div>\n\t\t\t\t<\/div>\n\t\t\t\t<\/div>\n\t\t\t\t\t<\/div>\n\t\t\t\t<\/div>\n\t\t<div class=\"elementor-element elementor-element-898ad32 e-flex e-con-boxed e-con e-parent\" data-id=\"898ad32\" data-element_type=\"container\" data-e-type=\"container\">\n\t\t\t\t\t<div class=\"e-con-inner\">\n\t\t\t\t<div class=\"elementor-element elementor-element-f189e3b elementor-widget elementor-widget-spacer\" data-id=\"f189e3b\" data-element_type=\"widget\" data-e-type=\"widget\" data-widget_type=\"spacer.default\">\n\t\t\t\t<div class=\"elementor-widget-container\">\n\t\t\t\t\t\t\t<div class=\"elementor-spacer\">\n\t\t\t<div class=\"elementor-spacer-inner\"><\/div>\n\t\t<\/div>\n\t\t\t\t\t\t<\/div>\n\t\t\t\t<\/div>\n\t\t\t\t\t<\/div>\n\t\t\t\t<\/div>\n\t\t\t\t<\/div>","protected":false},"excerpt":{"rendered":"<p>Certification and Sustainability 4.553 sqm\u00a0| total facility area 4.118 mw\u00a0| green energy produced 2.182.447 kg\u00a0|\u00a0CO2 emissions avoided 284.254\u00a0|\u00a0 trees saved 897.450\u00a0l | oil avoided Certifications Decoral\u00ae products are certified by leading international quality standards. Depending on your project, our technical team can provide the most relevant certifications, including: QUALICOAT, QUALIDECO, RINA TEST, AAMA. These certifications [&hellip;]<\/p>\n","protected":false},"author":1,"featured_media":0,"parent":0,"menu_order":0,"comment_status":"closed","ping_status":"closed","template":"","meta":{"_acf_changed":false,"_eb_attr":"","postBodyCss":"","postBodyMargin":[],"postBodyPadding":[],"postBodyBackground":{"backgroundType":"classic","gradient":""},"footnotes":""},"class_list":["post-3117","page","type-page","status-publish","hentry"],"acf":[],"yoast_head":"<!-- This site is optimized with the Yoast SEO plugin v27.4 - https:\/\/yoast.com\/product\/yoast-seo-wordpress\/ -->\n<title>Powder, Transfer film, Machinery | Everything to decorate metal<\/title>\n<meta name=\"description\" content=\"We invented Decoral\u00ae sublimation process, a technology to decorate metal products, such as profiles, sheets or objects with complex shape.\" \/>\n<meta name=\"robots\" content=\"index, follow, max-snippet:-1, max-image-preview:large, max-video-preview:-1\" \/>\n<link rel=\"canonical\" href=\"https:\/\/www.decoral-system.com\/fr\/certification-durabilite\/\" \/>\n<meta property=\"og:locale\" content=\"fr_FR\" \/>\n<meta property=\"og:type\" content=\"article\" \/>\n<meta property=\"og:title\" content=\"Powder, Transfer film, Machinery | Everything to decorate metal\" \/>\n<meta property=\"og:description\" content=\"We invented Decoral\u00ae sublimation process, a technology to decorate metal products, such as profiles, sheets or objects with complex shape.\" \/>\n<meta property=\"og:url\" content=\"https:\/\/www.decoral-system.com\/fr\/certification-durabilite\/\" \/>\n<meta property=\"og:site_name\" content=\"Decoral System\" \/>\n<meta property=\"article:publisher\" content=\"https:\/\/www.facebook.com\/DecoralGroup\/\" \/>\n<meta property=\"article:modified_time\" content=\"2026-01-07T14:10:33+00:00\" \/>\n<meta property=\"og:image\" content=\"https:\/\/www.decoral-system.com\/wp-content\/uploads\/2024\/10\/AQU_0194-scaled.jpg\" \/>\n\t<meta property=\"og:image:width\" content=\"2560\" \/>\n\t<meta property=\"og:image:height\" content=\"1709\" \/>\n\t<meta property=\"og:image:type\" content=\"image\/jpeg\" \/>\n<meta name=\"twitter:card\" content=\"summary_large_image\" \/>\n<meta name=\"twitter:label1\" content=\"Dur\u00e9e de lecture estim\u00e9e\" \/>\n\t<meta name=\"twitter:data1\" content=\"2 minutes\" \/>\n<script type=\"application\/ld+json\" class=\"yoast-schema-graph\">{\"@context\":\"https:\\\/\\\/schema.org\",\"@graph\":[{\"@type\":\"WebPage\",\"@id\":\"https:\\\/\\\/www.decoral-system.com\\\/certification-sustainability\\\/\",\"url\":\"https:\\\/\\\/www.decoral-system.com\\\/certification-sustainability\\\/\",\"name\":\"Powder, Transfer film, Machinery | Everything to decorate metal\",\"isPartOf\":{\"@id\":\"https:\\\/\\\/www.decoral-system.com\\\/#website\"},\"primaryImageOfPage\":{\"@id\":\"https:\\\/\\\/www.decoral-system.com\\\/certification-sustainability\\\/#primaryimage\"},\"image\":{\"@id\":\"https:\\\/\\\/www.decoral-system.com\\\/certification-sustainability\\\/#primaryimage\"},\"thumbnailUrl\":\"https:\\\/\\\/www.decoral-system.com\\\/wp-content\\\/uploads\\\/2024\\\/10\\\/AQU_0194-1024x683.jpg\",\"datePublished\":\"2025-09-09T10:49:17+00:00\",\"dateModified\":\"2026-01-07T14:10:33+00:00\",\"description\":\"We invented Decoral\u00ae sublimation process, a technology to decorate metal products, such as profiles, sheets or objects with complex shape.\",\"breadcrumb\":{\"@id\":\"https:\\\/\\\/www.decoral-system.com\\\/certification-sustainability\\\/#breadcrumb\"},\"inLanguage\":\"fr-FR\",\"potentialAction\":[{\"@type\":\"ReadAction\",\"target\":[\"https:\\\/\\\/www.decoral-system.com\\\/certification-sustainability\\\/\"]}]},{\"@type\":\"ImageObject\",\"inLanguage\":\"fr-FR\",\"@id\":\"https:\\\/\\\/www.decoral-system.com\\\/certification-sustainability\\\/#primaryimage\",\"url\":\"https:\\\/\\\/www.decoral-system.com\\\/wp-content\\\/uploads\\\/2024\\\/10\\\/AQU_0194-1024x683.jpg\",\"contentUrl\":\"https:\\\/\\\/www.decoral-system.com\\\/wp-content\\\/uploads\\\/2024\\\/10\\\/AQU_0194-1024x683.jpg\"},{\"@type\":\"BreadcrumbList\",\"@id\":\"https:\\\/\\\/www.decoral-system.com\\\/certification-sustainability\\\/#breadcrumb\",\"itemListElement\":[{\"@type\":\"ListItem\",\"position\":1,\"name\":\"Home\",\"item\":\"https:\\\/\\\/www.decoral-system.com\\\/\"},{\"@type\":\"ListItem\",\"position\":2,\"name\":\"Certification and Sustainability\"}]},{\"@type\":\"WebSite\",\"@id\":\"https:\\\/\\\/www.decoral-system.com\\\/#website\",\"url\":\"https:\\\/\\\/www.decoral-system.com\\\/\",\"name\":\"Decoral System\",\"description\":\"Imagine your colors\",\"publisher\":{\"@id\":\"https:\\\/\\\/www.decoral-system.com\\\/#organization\"},\"potentialAction\":[{\"@type\":\"SearchAction\",\"target\":{\"@type\":\"EntryPoint\",\"urlTemplate\":\"https:\\\/\\\/www.decoral-system.com\\\/?s={search_term_string}\"},\"query-input\":{\"@type\":\"PropertyValueSpecification\",\"valueRequired\":true,\"valueName\":\"search_term_string\"}}],\"inLanguage\":\"fr-FR\"},{\"@type\":\"Organization\",\"@id\":\"https:\\\/\\\/www.decoral-system.com\\\/#organization\",\"name\":\"Decoral System\",\"url\":\"https:\\\/\\\/www.decoral-system.com\\\/\",\"logo\":{\"@type\":\"ImageObject\",\"inLanguage\":\"fr-FR\",\"@id\":\"https:\\\/\\\/www.decoral-system.com\\\/#\\\/schema\\\/logo\\\/image\\\/\",\"url\":\"https:\\\/\\\/www.decoral-system.com\\\/wp-content\\\/uploads\\\/2024\\\/09\\\/decoral-system_logo.png\",\"contentUrl\":\"https:\\\/\\\/www.decoral-system.com\\\/wp-content\\\/uploads\\\/2024\\\/09\\\/decoral-system_logo.png\",\"width\":639,\"height\":96,\"caption\":\"Decoral System\"},\"image\":{\"@id\":\"https:\\\/\\\/www.decoral-system.com\\\/#\\\/schema\\\/logo\\\/image\\\/\"},\"sameAs\":[\"https:\\\/\\\/www.facebook.com\\\/DecoralGroup\\\/\",\"https:\\\/\\\/www.instagram.com\\\/decoralgroup\",\"https:\\\/\\\/www.linkedin.com\\\/company\\\/decoral-group\"]}]}<\/script>\n<!-- \/ Yoast SEO plugin. -->","yoast_head_json":{"title":"Poudre, Film de transfert, Machines | Tout pour d\u00e9corer le m\u00e9tal","description":"Nous avons invent\u00e9 le proc\u00e9d\u00e9 de sublimation Decoral\u00ae, une technologie permettant de d\u00e9corer des produits m\u00e9talliques, tels que des profil\u00e9s, des t\u00f4les ou des objets de forme complexe.","robots":{"index":"index","follow":"follow","max-snippet":"max-snippet:-1","max-image-preview":"max-image-preview:large","max-video-preview":"max-video-preview:-1"},"canonical":"https:\/\/www.decoral-system.com\/fr\/certification-durabilite\/","og_locale":"fr_FR","og_type":"article","og_title":"Powder, Transfer film, Machinery | Everything to decorate metal","og_description":"We invented Decoral\u00ae sublimation process, a technology to decorate metal products, such as profiles, sheets or objects with complex shape.","og_url":"https:\/\/www.decoral-system.com\/fr\/certification-durabilite\/","og_site_name":"Decoral System","article_publisher":"https:\/\/www.facebook.com\/DecoralGroup\/","article_modified_time":"2026-01-07T14:10:33+00:00","og_image":[{"width":2560,"height":1709,"url":"https:\/\/www.decoral-system.com\/wp-content\/uploads\/2024\/10\/AQU_0194-scaled.jpg","type":"image\/jpeg"}],"twitter_card":"summary_large_image","twitter_misc":{"Dur\u00e9e de lecture estim\u00e9e":"2 minutes"},"schema":{"@context":"https:\/\/schema.org","@graph":[{"@type":"WebPage","@id":"https:\/\/www.decoral-system.com\/certification-sustainability\/","url":"https:\/\/www.decoral-system.com\/certification-sustainability\/","name":"Poudre, Film de transfert, Machines | Tout pour d\u00e9corer le m\u00e9tal","isPartOf":{"@id":"https:\/\/www.decoral-system.com\/#website"},"primaryImageOfPage":{"@id":"https:\/\/www.decoral-system.com\/certification-sustainability\/#primaryimage"},"image":{"@id":"https:\/\/www.decoral-system.com\/certification-sustainability\/#primaryimage"},"thumbnailUrl":"https:\/\/www.decoral-system.com\/wp-content\/uploads\/2024\/10\/AQU_0194-1024x683.jpg","datePublished":"2025-09-09T10:49:17+00:00","dateModified":"2026-01-07T14:10:33+00:00","description":"Nous avons invent\u00e9 le proc\u00e9d\u00e9 de sublimation Decoral\u00ae, une technologie permettant de d\u00e9corer des produits m\u00e9talliques, tels que des profil\u00e9s, des t\u00f4les ou des objets de forme complexe.","breadcrumb":{"@id":"https:\/\/www.decoral-system.com\/certification-sustainability\/#breadcrumb"},"inLanguage":"fr-FR","potentialAction":[{"@type":"ReadAction","target":["https:\/\/www.decoral-system.com\/certification-sustainability\/"]}]},{"@type":"ImageObject","inLanguage":"fr-FR","@id":"https:\/\/www.decoral-system.com\/certification-sustainability\/#primaryimage","url":"https:\/\/www.decoral-system.com\/wp-content\/uploads\/2024\/10\/AQU_0194-1024x683.jpg","contentUrl":"https:\/\/www.decoral-system.com\/wp-content\/uploads\/2024\/10\/AQU_0194-1024x683.jpg"},{"@type":"BreadcrumbList","@id":"https:\/\/www.decoral-system.com\/certification-sustainability\/#breadcrumb","itemListElement":[{"@type":"ListItem","position":1,"name":"Home","item":"https:\/\/www.decoral-system.com\/"},{"@type":"ListItem","position":2,"name":"Certification and Sustainability"}]},{"@type":"WebSite","@id":"https:\/\/www.decoral-system.com\/#website","url":"https:\/\/www.decoral-system.com\/","name":"Syst\u00e8me D\u00e9coral","description":"Imaginez vos couleurs","publisher":{"@id":"https:\/\/www.decoral-system.com\/#organization"},"potentialAction":[{"@type":"SearchAction","target":{"@type":"EntryPoint","urlTemplate":"https:\/\/www.decoral-system.com\/?s={search_term_string}"},"query-input":{"@type":"PropertyValueSpecification","valueRequired":true,"valueName":"search_term_string"}}],"inLanguage":"fr-FR"},{"@type":"Organization","@id":"https:\/\/www.decoral-system.com\/#organization","name":"Syst\u00e8me D\u00e9coral","url":"https:\/\/www.decoral-system.com\/","logo":{"@type":"ImageObject","inLanguage":"fr-FR","@id":"https:\/\/www.decoral-system.com\/#\/schema\/logo\/image\/","url":"https:\/\/www.decoral-system.com\/wp-content\/uploads\/2024\/09\/decoral-system_logo.png","contentUrl":"https:\/\/www.decoral-system.com\/wp-content\/uploads\/2024\/09\/decoral-system_logo.png","width":639,"height":96,"caption":"Decoral System"},"image":{"@id":"https:\/\/www.decoral-system.com\/#\/schema\/logo\/image\/"},"sameAs":["https:\/\/www.facebook.com\/DecoralGroup\/","https:\/\/www.instagram.com\/decoralgroup","https:\/\/www.linkedin.com\/company\/decoral-group"]}]}},"_links":{"self":[{"href":"https:\/\/www.decoral-system.com\/fr\/wp-json\/wp\/v2\/pages\/3117","targetHints":{"allow":["GET"]}}],"collection":[{"href":"https:\/\/www.decoral-system.com\/fr\/wp-json\/wp\/v2\/pages"}],"about":[{"href":"https:\/\/www.decoral-system.com\/fr\/wp-json\/wp\/v2\/types\/page"}],"author":[{"embeddable":true,"href":"https:\/\/www.decoral-system.com\/fr\/wp-json\/wp\/v2\/users\/1"}],"replies":[{"embeddable":true,"href":"https:\/\/www.decoral-system.com\/fr\/wp-json\/wp\/v2\/comments?post=3117"}],"version-history":[{"count":36,"href":"https:\/\/www.decoral-system.com\/fr\/wp-json\/wp\/v2\/pages\/3117\/revisions"}],"predecessor-version":[{"id":4530,"href":"https:\/\/www.decoral-system.com\/fr\/wp-json\/wp\/v2\/pages\/3117\/revisions\/4530"}],"wp:attachment":[{"href":"https:\/\/www.decoral-system.com\/fr\/wp-json\/wp\/v2\/media?parent=3117"}],"curies":[{"name":"wp","href":"https:\/\/api.w.org\/{rel}","templated":true}]}}