{"id":2550,"date":"2024-12-04T08:51:48","date_gmt":"2024-12-04T07:51:48","guid":{"rendered":"http:\/\/10.0.30.16\/decoral-system\/?page_id=2550"},"modified":"2026-01-08T11:52:06","modified_gmt":"2026-01-08T10:52:06","slug":"technical-tools","status":"publish","type":"page","link":"https:\/\/www.decoral-system.com\/fr\/telecharger\/outils-techniques\/","title":{"rendered":"Outils techniques"},"content":{"rendered":"<div data-elementor-type=\"wp-page\" data-elementor-id=\"2550\" class=\"elementor elementor-2550\" data-elementor-post-type=\"page\">\n\t\t\t\t<div class=\"elementor-element elementor-element-39e72cc e-con-full e-flex e-con e-parent\" data-id=\"39e72cc\" data-element_type=\"container\" data-e-type=\"container\" data-settings=\"{&quot;background_background&quot;:&quot;classic&quot;}\">\n\t\t<div class=\"elementor-element elementor-element-99020aa e-con-full animated-slow e-flex elementor-invisible e-con e-child\" data-id=\"99020aa\" data-element_type=\"container\" data-e-type=\"container\" data-settings=\"{&quot;background_background&quot;:&quot;classic&quot;,&quot;animation&quot;:&quot;fadeIn&quot;}\">\n\t\t\t\t<div class=\"elementor-element elementor-element-0a8e904 elementor-invisible elementor-widget elementor-widget-heading\" data-id=\"0a8e904\" data-element_type=\"widget\" data-e-type=\"widget\" data-settings=\"{&quot;_animation&quot;:&quot;fadeInLeft&quot;}\" data-widget_type=\"heading.default\">\n\t\t\t\t<div class=\"elementor-widget-container\">\n\t\t\t\t\t<h1 class=\"elementor-heading-title elementor-size-default\">Outils techniques<\/h1>\t\t\t\t<\/div>\n\t\t\t\t<\/div>\n\t\t\t\t<\/div>\n\t\t\t\t<\/div>\n\t\t<div class=\"elementor-element elementor-element-4fd2b5f e-flex e-con-boxed e-con e-parent\" data-id=\"4fd2b5f\" data-element_type=\"container\" data-e-type=\"container\">\n\t\t\t\t\t<div class=\"e-con-inner\">\n\t\t\t\t<div class=\"elementor-element elementor-element-6190cfe elementor-align-left elementor-widget elementor-widget-breadcrumbs\" data-id=\"6190cfe\" data-element_type=\"widget\" data-e-type=\"widget\" data-widget_type=\"breadcrumbs.default\">\n\t\t\t\t<div class=\"elementor-widget-container\">\n\t\t\t\t\t<div id=\"breadcrumbs\"><span><span><a href=\"https:\/\/www.decoral-system.com\/fr\/\">Home<\/a><\/span><\/span><\/div>\t\t\t\t<\/div>\n\t\t\t\t<\/div>\n\t\t\t\t\t<\/div>\n\t\t\t\t<\/div>\n\t\t<div class=\"elementor-element elementor-element-40af9b84 e-flex e-con-boxed e-con e-parent\" data-id=\"40af9b84\" data-element_type=\"container\" data-e-type=\"container\">\n\t\t\t\t\t<div class=\"e-con-inner\">\n\t\t<div class=\"elementor-element elementor-element-2724c015 e-con-full e-flex e-con e-child\" data-id=\"2724c015\" data-element_type=\"container\" data-e-type=\"container\">\n\t\t\t\t<div class=\"elementor-element elementor-element-5c915ef4 elementor-invisible elementor-widget elementor-widget-heading\" data-id=\"5c915ef4\" data-element_type=\"widget\" data-e-type=\"widget\" data-settings=\"{&quot;_animation&quot;:&quot;fadeInLeft&quot;}\" data-widget_type=\"heading.default\">\n\t\t\t\t<div class=\"elementor-widget-container\">\n\t\t\t\t\t<h3 class=\"elementor-heading-title elementor-size-default\">Un aper\u00e7u des tests de laboratoire et de la documentation technique<\/h3>\t\t\t\t<\/div>\n\t\t\t\t<\/div>\n\t\t\t\t<div class=\"elementor-element elementor-element-4925b613 elementor-widget elementor-widget-text-editor\" data-id=\"4925b613\" data-element_type=\"widget\" data-e-type=\"widget\" data-widget_type=\"text-editor.default\">\n\t\t\t\t<div class=\"elementor-widget-container\">\n\t\t\t\t\t\t\t\t\t<p class=\"p1\">Vous pouvez consulter les descriptions d\u00e9taill\u00e9es des principales propri\u00e9t\u00e9s, sp\u00e9cifications techniques et applications de nos rev\u00eatements en poudre, films de transfert \u00e0 chaud, processus et certifications.<\/p>\t\t\t\t\t\t\t\t<\/div>\n\t\t\t\t<\/div>\n\t\t\t\t<\/div>\n\t\t<div class=\"elementor-element elementor-element-53fc2c17 e-con-full e-flex e-con e-child\" data-id=\"53fc2c17\" data-element_type=\"container\" data-e-type=\"container\">\n\t\t\t\t<div class=\"elementor-element elementor-element-56ebf47f elementor-widget elementor-widget-image\" data-id=\"56ebf47f\" data-element_type=\"widget\" data-e-type=\"widget\" data-widget_type=\"image.default\">\n\t\t\t\t<div class=\"elementor-widget-container\">\n\t\t\t\t\t\t\t\t\t\t\t\t\t\t\t<img fetchpriority=\"high\" decoding=\"async\" width=\"768\" height=\"512\" src=\"https:\/\/www.decoral-system.com\/wp-content\/uploads\/2024\/12\/decoral-system-brand-book-download-768x512.jpg\" class=\"attachment-medium_large size-medium_large wp-image-2461\" alt=\"\" srcset=\"https:\/\/www.decoral-system.com\/wp-content\/uploads\/2024\/12\/decoral-system-brand-book-download-768x512.jpg 768w, https:\/\/www.decoral-system.com\/wp-content\/uploads\/2024\/12\/decoral-system-brand-book-download-300x200.jpg 300w, https:\/\/www.decoral-system.com\/wp-content\/uploads\/2024\/12\/decoral-system-brand-book-download-1024x683.jpg 1024w, https:\/\/www.decoral-system.com\/wp-content\/uploads\/2024\/12\/decoral-system-brand-book-download-18x12.jpg 18w, https:\/\/www.decoral-system.com\/wp-content\/uploads\/2024\/12\/decoral-system-brand-book-download.jpg 1500w\" sizes=\"(max-width: 768px) 100vw, 768px\" \/>\t\t\t\t\t\t\t\t\t\t\t\t\t\t\t<\/div>\n\t\t\t\t<\/div>\n\t\t\t\t<\/div>\n\t\t\t\t\t<\/div>\n\t\t\t\t<\/div>\n\t\t<div class=\"elementor-element elementor-element-458f0d7 e-flex e-con-boxed e-con e-parent\" data-id=\"458f0d7\" data-element_type=\"container\" data-e-type=\"container\" data-settings=\"{&quot;background_background&quot;:&quot;classic&quot;}\">\n\t\t\t\t\t<div class=\"e-con-inner\">\n\t\t\t\t<div class=\"elementor-element elementor-element-70e435e elementor-widget elementor-widget-spacer\" data-id=\"70e435e\" data-element_type=\"widget\" data-e-type=\"widget\" data-widget_type=\"spacer.default\">\n\t\t\t\t<div class=\"elementor-widget-container\">\n\t\t\t\t\t\t\t<div class=\"elementor-spacer\">\n\t\t\t<div class=\"elementor-spacer-inner\"><\/div>\n\t\t<\/div>\n\t\t\t\t\t\t<\/div>\n\t\t\t\t<\/div>\n\t\t\t\t\t<\/div>\n\t\t\t\t<\/div>\n\t\t<div class=\"elementor-element elementor-element-54ee0b6 e-grid e-con-full e-con e-parent\" data-id=\"54ee0b6\" data-element_type=\"container\" data-e-type=\"container\">\n\t\t\t\t<div class=\"elementor-element elementor-element-1f429b3 elementor-view-default elementor-position-block-start elementor-mobile-position-block-start elementor-widget elementor-widget-icon-box\" data-id=\"1f429b3\" data-element_type=\"widget\" data-e-type=\"widget\" data-widget_type=\"icon-box.default\">\n\t\t\t\t<div class=\"elementor-widget-container\">\n\t\t\t\t\t\t\t<div class=\"elementor-icon-box-wrapper\">\n\n\t\t\t\t\t\t<div class=\"elementor-icon-box-icon\">\n\t\t\t\t<a href=\"https:\/\/www.decoral-system.com\/fr\/telecharger\/outils-techniques\/outils-techniques-poudre\/\" class=\"elementor-icon\" tabindex=\"-1\" aria-label=\"Poudre\">\n\t\t\t\t<svg aria-hidden=\"true\" class=\"e-font-icon-svg e-fas-asterisk\" viewbox=\"0 0 512 512\" xmlns=\"http:\/\/www.w3.org\/2000\/svg\"><path d=\"M478.21 334.093L336 256l142.21-78.093c11.795-6.477 15.961-21.384 9.232-33.037l-19.48-33.741c-6.728-11.653-21.72-15.499-33.227-8.523L296 186.718l3.475-162.204C299.763 11.061 288.937 0 275.48 0h-38.96c-13.456 0-24.283 11.061-23.994 24.514L216 186.718 77.265 102.607c-11.506-6.976-26.499-3.13-33.227 8.523l-19.48 33.741c-6.728 11.653-2.562 26.56 9.233 33.037L176 256 33.79 334.093c-11.795 6.477-15.961 21.384-9.232 33.037l19.48 33.741c6.728 11.653 21.721 15.499 33.227 8.523L216 325.282l-3.475 162.204C212.237 500.939 223.064 512 236.52 512h38.961c13.456 0 24.283-11.061 23.995-24.514L296 325.282l138.735 84.111c11.506 6.976 26.499 3.13 33.227-8.523l19.48-33.741c6.728-11.653 2.563-26.559-9.232-33.036z\"><\/path><\/svg>\t\t\t\t<\/a>\n\t\t\t<\/div>\n\t\t\t\n\t\t\t\t\t\t<div class=\"elementor-icon-box-content\">\n\n\t\t\t\t\t\t\t\t\t<h3 class=\"elementor-icon-box-title\">\n\t\t\t\t\t\t<a href=\"https:\/\/www.decoral-system.com\/fr\/telecharger\/outils-techniques\/outils-techniques-poudre\/\" >\n\t\t\t\t\t\t\tPoudre\t\t\t\t\t\t<\/a>\n\t\t\t\t\t<\/h3>\n\t\t\t\t\n\t\t\t\t\n\t\t\t<\/div>\n\t\t\t\n\t\t<\/div>\n\t\t\t\t\t\t<\/div>\n\t\t\t\t<\/div>\n\t\t\t\t<div class=\"elementor-element elementor-element-4f3d758 elementor-view-default elementor-position-block-start elementor-mobile-position-block-start elementor-widget elementor-widget-icon-box\" data-id=\"4f3d758\" data-element_type=\"widget\" data-e-type=\"widget\" data-widget_type=\"icon-box.default\">\n\t\t\t\t<div class=\"elementor-widget-container\">\n\t\t\t\t\t\t\t<div class=\"elementor-icon-box-wrapper\">\n\n\t\t\t\t\t\t<div class=\"elementor-icon-box-icon\">\n\t\t\t\t<a href=\"https:\/\/www.decoral-system.com\/fr\/telecharger\/outils-techniques\/outils-techniques-film\/\" class=\"elementor-icon\" tabindex=\"-1\" aria-label=\"Film\">\n\t\t\t\t<svg aria-hidden=\"true\" class=\"e-font-icon-svg e-far-file-alt\" viewbox=\"0 0 384 512\" xmlns=\"http:\/\/www.w3.org\/2000\/svg\"><path d=\"M288 248v28c0 6.6-5.4 12-12 12H108c-6.6 0-12-5.4-12-12v-28c0-6.6 5.4-12 12-12h168c6.6 0 12 5.4 12 12zm-12 72H108c-6.6 0-12 5.4-12 12v28c0 6.6 5.4 12 12 12h168c6.6 0 12-5.4 12-12v-28c0-6.6-5.4-12-12-12zm108-188.1V464c0 26.5-21.5 48-48 48H48c-26.5 0-48-21.5-48-48V48C0 21.5 21.5 0 48 0h204.1C264.8 0 277 5.1 286 14.1L369.9 98c9 8.9 14.1 21.2 14.1 33.9zm-128-80V128h76.1L256 51.9zM336 464V176H232c-13.3 0-24-10.7-24-24V48H48v416h288z\"><\/path><\/svg>\t\t\t\t<\/a>\n\t\t\t<\/div>\n\t\t\t\n\t\t\t\t\t\t<div class=\"elementor-icon-box-content\">\n\n\t\t\t\t\t\t\t\t\t<h3 class=\"elementor-icon-box-title\">\n\t\t\t\t\t\t<a href=\"https:\/\/www.decoral-system.com\/fr\/telecharger\/outils-techniques\/outils-techniques-film\/\" >\n\t\t\t\t\t\t\tFilm\t\t\t\t\t\t<\/a>\n\t\t\t\t\t<\/h3>\n\t\t\t\t\n\t\t\t\t\n\t\t\t<\/div>\n\t\t\t\n\t\t<\/div>\n\t\t\t\t\t\t<\/div>\n\t\t\t\t<\/div>\n\t\t\t\t<div class=\"elementor-element elementor-element-12658dc elementor-view-default elementor-position-block-start elementor-mobile-position-block-start elementor-widget elementor-widget-icon-box\" data-id=\"12658dc\" data-element_type=\"widget\" data-e-type=\"widget\" data-widget_type=\"icon-box.default\">\n\t\t\t\t<div class=\"elementor-widget-container\">\n\t\t\t\t\t\t\t<div class=\"elementor-icon-box-wrapper\">\n\n\t\t\t\t\t\t<div class=\"elementor-icon-box-icon\">\n\t\t\t\t<a href=\"https:\/\/www.decoral-system.com\/fr\/telecharger\/outils-techniques\/processus-outils-techniques\/\" class=\"elementor-icon\" tabindex=\"-1\" aria-label=\"Processus\">\n\t\t\t\t<svg aria-hidden=\"true\" class=\"e-font-icon-svg e-fas-list\" viewbox=\"0 0 512 512\" xmlns=\"http:\/\/www.w3.org\/2000\/svg\"><path d=\"M80 368H16a16 16 0 0 0-16 16v64a16 16 0 0 0 16 16h64a16 16 0 0 0 16-16v-64a16 16 0 0 0-16-16zm0-320H16A16 16 0 0 0 0 64v64a16 16 0 0 0 16 16h64a16 16 0 0 0 16-16V64a16 16 0 0 0-16-16zm0 160H16a16 16 0 0 0-16 16v64a16 16 0 0 0 16 16h64a16 16 0 0 0 16-16v-64a16 16 0 0 0-16-16zm416 176H176a16 16 0 0 0-16 16v32a16 16 0 0 0 16 16h320a16 16 0 0 0 16-16v-32a16 16 0 0 0-16-16zm0-320H176a16 16 0 0 0-16 16v32a16 16 0 0 0 16 16h320a16 16 0 0 0 16-16V80a16 16 0 0 0-16-16zm0 160H176a16 16 0 0 0-16 16v32a16 16 0 0 0 16 16h320a16 16 0 0 0 16-16v-32a16 16 0 0 0-16-16z\"><\/path><\/svg>\t\t\t\t<\/a>\n\t\t\t<\/div>\n\t\t\t\n\t\t\t\t\t\t<div class=\"elementor-icon-box-content\">\n\n\t\t\t\t\t\t\t\t\t<h3 class=\"elementor-icon-box-title\">\n\t\t\t\t\t\t<a href=\"https:\/\/www.decoral-system.com\/fr\/telecharger\/outils-techniques\/processus-outils-techniques\/\" >\n\t\t\t\t\t\t\tProcessus\t\t\t\t\t\t<\/a>\n\t\t\t\t\t<\/h3>\n\t\t\t\t\n\t\t\t\t\n\t\t\t<\/div>\n\t\t\t\n\t\t<\/div>\n\t\t\t\t\t\t<\/div>\n\t\t\t\t<\/div>\n\t\t\t\t<div class=\"elementor-element elementor-element-688f878 elementor-view-default elementor-position-block-start elementor-mobile-position-block-start elementor-widget elementor-widget-icon-box\" data-id=\"688f878\" data-element_type=\"widget\" data-e-type=\"widget\" data-widget_type=\"icon-box.default\">\n\t\t\t\t<div class=\"elementor-widget-container\">\n\t\t\t\t\t\t\t<div class=\"elementor-icon-box-wrapper\">\n\n\t\t\t\t\t\t<div class=\"elementor-icon-box-icon\">\n\t\t\t\t<a href=\"https:\/\/www.decoral-system.com\/fr\/telecharger\/outils-techniques\/qualitedecoral-outils-techniques\/\" class=\"elementor-icon\" tabindex=\"-1\" aria-label=\"Qualit\u00e9 D\u00e9coral\">\n\t\t\t\t<svg aria-hidden=\"true\" class=\"e-font-icon-svg e-fas-thumbs-up\" viewbox=\"0 0 512 512\" xmlns=\"http:\/\/www.w3.org\/2000\/svg\"><path d=\"M104 224H24c-13.255 0-24 10.745-24 24v240c0 13.255 10.745 24 24 24h80c13.255 0 24-10.745 24-24V248c0-13.255-10.745-24-24-24zM64 472c-13.255 0-24-10.745-24-24s10.745-24 24-24 24 10.745 24 24-10.745 24-24 24zM384 81.452c0 42.416-25.97 66.208-33.277 94.548h101.723c33.397 0 59.397 27.746 59.553 58.098.084 17.938-7.546 37.249-19.439 49.197l-.11.11c9.836 23.337 8.237 56.037-9.308 79.469 8.681 25.895-.069 57.704-16.382 74.757 4.298 17.598 2.244 32.575-6.148 44.632C440.202 511.587 389.616 512 346.839 512l-2.845-.001c-48.287-.017-87.806-17.598-119.56-31.725-15.957-7.099-36.821-15.887-52.651-16.178-6.54-.12-11.783-5.457-11.783-11.998v-213.77c0-3.2 1.282-6.271 3.558-8.521 39.614-39.144 56.648-80.587 89.117-113.111 14.804-14.832 20.188-37.236 25.393-58.902C282.515 39.293 291.817 0 312 0c24 0 72 8 72 81.452z\"><\/path><\/svg>\t\t\t\t<\/a>\n\t\t\t<\/div>\n\t\t\t\n\t\t\t\t\t\t<div class=\"elementor-icon-box-content\">\n\n\t\t\t\t\t\t\t\t\t<h3 class=\"elementor-icon-box-title\">\n\t\t\t\t\t\t<a href=\"https:\/\/www.decoral-system.com\/fr\/telecharger\/outils-techniques\/qualitedecoral-outils-techniques\/\" >\n\t\t\t\t\t\t\tQualit\u00e9 D\u00e9coral\t\t\t\t\t\t<\/a>\n\t\t\t\t\t<\/h3>\n\t\t\t\t\n\t\t\t\t\n\t\t\t<\/div>\n\t\t\t\n\t\t<\/div>\n\t\t\t\t\t\t<\/div>\n\t\t\t\t<\/div>\n\t\t\t\t<\/div>\n\t\t<div class=\"elementor-element elementor-element-bb65afa e-flex e-con-boxed e-con e-parent\" data-id=\"bb65afa\" data-element_type=\"container\" data-e-type=\"container\">\n\t\t\t\t\t<div class=\"e-con-inner\">\n\t\t\t\t<div class=\"elementor-element elementor-element-3cd7b36 elementor-widget-divider--view-line elementor-widget elementor-widget-divider\" data-id=\"3cd7b36\" data-element_type=\"widget\" data-e-type=\"widget\" data-widget_type=\"divider.default\">\n\t\t\t\t<div class=\"elementor-widget-container\">\n\t\t\t\t\t\t\t<div class=\"elementor-divider\">\n\t\t\t<span class=\"elementor-divider-separator\">\n\t\t\t\t\t\t<\/span>\n\t\t<\/div>\n\t\t\t\t\t\t<\/div>\n\t\t\t\t<\/div>\n\t\t\t\t\t<\/div>\n\t\t\t\t<\/div>\n\t\t<div class=\"elementor-element elementor-element-284e5cd e-flex e-con-boxed e-con e-parent\" data-id=\"284e5cd\" data-element_type=\"container\" data-e-type=\"container\">\n\t\t\t\t\t<div class=\"e-con-inner\">\n\t\t\t\t<div class=\"elementor-element elementor-element-4132fbc elementor-button-info elementor-align-center elementor-widget elementor-widget-button\" data-id=\"4132fbc\" data-element_type=\"widget\" data-e-type=\"widget\" data-widget_type=\"button.default\">\n\t\t\t\t<div class=\"elementor-widget-container\">\n\t\t\t\t\t\t\t\t\t<div class=\"elementor-button-wrapper\">\n\t\t\t\t\t<a class=\"elementor-button elementor-button-link elementor-size-sm\" href=\"https:\/\/www.decoral-system.com\/fr\/contacts\/\">\n\t\t\t\t\t\t<span class=\"elementor-button-content-wrapper\">\n\t\t\t\t\t\t\t\t\t<span class=\"elementor-button-text\">Contactez nous<\/span>\n\t\t\t\t\t<\/span>\n\t\t\t\t\t<\/a>\n\t\t\t\t<\/div>\n\t\t\t\t\t\t\t\t<\/div>\n\t\t\t\t<\/div>\n\t\t\t\t\t<\/div>\n\t\t\t\t<\/div>\n\t\t\t\t<\/div>","protected":false},"excerpt":{"rendered":"<p>Technical Tools An insight into laboratory tests and technical documentation Here, you can find detailed descriptions of the main properties, technical specifications and application of our powder coatings, heat-transfer films, process and certifications. Powder Film Process Quality Decoral Contact Us<\/p>","protected":false},"author":1,"featured_media":0,"parent":2404,"menu_order":0,"comment_status":"closed","ping_status":"closed","template":"","meta":{"_acf_changed":false,"_eb_attr":"","postBodyCss":"","postBodyMargin":[],"postBodyPadding":[],"postBodyBackground":{"backgroundType":"classic","gradient":""},"footnotes":""},"class_list":["post-2550","page","type-page","status-publish","hentry"],"acf":[],"yoast_head":"<!-- This site is optimized with the Yoast SEO plugin v27.3 - https:\/\/yoast.com\/product\/yoast-seo-wordpress\/ -->\n<title>Powder, Transfer film, Machinery | Everything to decorate metal<\/title>\n<meta name=\"description\" content=\"We invented Decoral\u00ae sublimation process, a technology to decorate metal products, such as profiles, sheets or objects with complex shape.\" \/>\n<meta name=\"robots\" content=\"index, follow, max-snippet:-1, max-image-preview:large, max-video-preview:-1\" \/>\n<link rel=\"canonical\" href=\"https:\/\/www.decoral-system.com\/fr\/telecharger\/outils-techniques\/\" \/>\n<meta property=\"og:locale\" content=\"fr_FR\" \/>\n<meta property=\"og:type\" content=\"article\" \/>\n<meta property=\"og:title\" content=\"Powder, Transfer film, Machinery | Everything to decorate metal\" \/>\n<meta property=\"og:description\" content=\"We invented Decoral\u00ae sublimation process, a technology to decorate metal products, such as profiles, sheets or objects with complex shape.\" \/>\n<meta property=\"og:url\" content=\"https:\/\/www.decoral-system.com\/fr\/telecharger\/outils-techniques\/\" \/>\n<meta property=\"og:site_name\" content=\"Decoral System\" \/>\n<meta property=\"article:publisher\" content=\"https:\/\/www.facebook.com\/DecoralGroup\/\" \/>\n<meta property=\"article:modified_time\" content=\"2026-01-08T10:52:06+00:00\" \/>\n<meta property=\"og:image\" content=\"https:\/\/www.decoral-system.com\/wp-content\/uploads\/2024\/12\/decoral-system-brand-book-download.jpg\" \/>\n\t<meta property=\"og:image:width\" content=\"1500\" \/>\n\t<meta property=\"og:image:height\" content=\"1000\" \/>\n\t<meta property=\"og:image:type\" content=\"image\/jpeg\" \/>\n<meta name=\"twitter:card\" content=\"summary_large_image\" \/>\n<meta name=\"twitter:label1\" content=\"Dur\u00e9e de lecture estim\u00e9e\" \/>\n\t<meta name=\"twitter:data1\" content=\"1 minute\" \/>\n<script type=\"application\/ld+json\" class=\"yoast-schema-graph\">{\"@context\":\"https:\\\/\\\/schema.org\",\"@graph\":[{\"@type\":\"WebPage\",\"@id\":\"https:\\\/\\\/www.decoral-system.com\\\/download\\\/technical-tools\\\/\",\"url\":\"https:\\\/\\\/www.decoral-system.com\\\/download\\\/technical-tools\\\/\",\"name\":\"Powder, Transfer film, Machinery | Everything to decorate metal\",\"isPartOf\":{\"@id\":\"https:\\\/\\\/www.decoral-system.com\\\/#website\"},\"primaryImageOfPage\":{\"@id\":\"https:\\\/\\\/www.decoral-system.com\\\/download\\\/technical-tools\\\/#primaryimage\"},\"image\":{\"@id\":\"https:\\\/\\\/www.decoral-system.com\\\/download\\\/technical-tools\\\/#primaryimage\"},\"thumbnailUrl\":\"https:\\\/\\\/www.decoral-system.com\\\/wp-content\\\/uploads\\\/2024\\\/12\\\/decoral-system-brand-book-download-768x512.jpg\",\"datePublished\":\"2024-12-04T07:51:48+00:00\",\"dateModified\":\"2026-01-08T10:52:06+00:00\",\"description\":\"We invented Decoral\u00ae sublimation process, a technology to decorate metal products, such as profiles, sheets or objects with complex shape.\",\"breadcrumb\":{\"@id\":\"https:\\\/\\\/www.decoral-system.com\\\/download\\\/technical-tools\\\/#breadcrumb\"},\"inLanguage\":\"fr-FR\",\"potentialAction\":[{\"@type\":\"ReadAction\",\"target\":[\"https:\\\/\\\/www.decoral-system.com\\\/download\\\/technical-tools\\\/\"]}]},{\"@type\":\"ImageObject\",\"inLanguage\":\"fr-FR\",\"@id\":\"https:\\\/\\\/www.decoral-system.com\\\/download\\\/technical-tools\\\/#primaryimage\",\"url\":\"https:\\\/\\\/www.decoral-system.com\\\/wp-content\\\/uploads\\\/2024\\\/12\\\/decoral-system-brand-book-download-768x512.jpg\",\"contentUrl\":\"https:\\\/\\\/www.decoral-system.com\\\/wp-content\\\/uploads\\\/2024\\\/12\\\/decoral-system-brand-book-download-768x512.jpg\"},{\"@type\":\"BreadcrumbList\",\"@id\":\"https:\\\/\\\/www.decoral-system.com\\\/download\\\/technical-tools\\\/#breadcrumb\",\"itemListElement\":[{\"@type\":\"ListItem\",\"position\":1,\"name\":\"Home\",\"item\":\"https:\\\/\\\/www.decoral-system.com\\\/\"},{\"@type\":\"ListItem\",\"position\":2,\"name\":\"Download\",\"item\":\"https:\\\/\\\/www.decoral-system.com\\\/download\\\/\"},{\"@type\":\"ListItem\",\"position\":3,\"name\":\"Technical Tools\"}]},{\"@type\":\"WebSite\",\"@id\":\"https:\\\/\\\/www.decoral-system.com\\\/#website\",\"url\":\"https:\\\/\\\/www.decoral-system.com\\\/\",\"name\":\"Decoral System\",\"description\":\"Imagine your colors\",\"publisher\":{\"@id\":\"https:\\\/\\\/www.decoral-system.com\\\/#organization\"},\"potentialAction\":[{\"@type\":\"SearchAction\",\"target\":{\"@type\":\"EntryPoint\",\"urlTemplate\":\"https:\\\/\\\/www.decoral-system.com\\\/?s={search_term_string}\"},\"query-input\":{\"@type\":\"PropertyValueSpecification\",\"valueRequired\":true,\"valueName\":\"search_term_string\"}}],\"inLanguage\":\"fr-FR\"},{\"@type\":\"Organization\",\"@id\":\"https:\\\/\\\/www.decoral-system.com\\\/#organization\",\"name\":\"Decoral System\",\"url\":\"https:\\\/\\\/www.decoral-system.com\\\/\",\"logo\":{\"@type\":\"ImageObject\",\"inLanguage\":\"fr-FR\",\"@id\":\"https:\\\/\\\/www.decoral-system.com\\\/#\\\/schema\\\/logo\\\/image\\\/\",\"url\":\"https:\\\/\\\/www.decoral-system.com\\\/wp-content\\\/uploads\\\/2024\\\/09\\\/decoral-system_logo.png\",\"contentUrl\":\"https:\\\/\\\/www.decoral-system.com\\\/wp-content\\\/uploads\\\/2024\\\/09\\\/decoral-system_logo.png\",\"width\":639,\"height\":96,\"caption\":\"Decoral System\"},\"image\":{\"@id\":\"https:\\\/\\\/www.decoral-system.com\\\/#\\\/schema\\\/logo\\\/image\\\/\"},\"sameAs\":[\"https:\\\/\\\/www.facebook.com\\\/DecoralGroup\\\/\",\"https:\\\/\\\/www.instagram.com\\\/decoralgroup\",\"https:\\\/\\\/www.linkedin.com\\\/company\\\/decoral-group\"]}]}<\/script>\n<!-- \/ Yoast SEO plugin. -->","yoast_head_json":{"title":"Poudre, Film de transfert, Machines | Tout pour d\u00e9corer le m\u00e9tal","description":"Nous avons invent\u00e9 le proc\u00e9d\u00e9 de sublimation Decoral\u00ae, une technologie permettant de d\u00e9corer des produits m\u00e9talliques, tels que des profil\u00e9s, des t\u00f4les ou des objets de forme complexe.","robots":{"index":"index","follow":"follow","max-snippet":"max-snippet:-1","max-image-preview":"max-image-preview:large","max-video-preview":"max-video-preview:-1"},"canonical":"https:\/\/www.decoral-system.com\/fr\/telecharger\/outils-techniques\/","og_locale":"fr_FR","og_type":"article","og_title":"Powder, Transfer film, Machinery | Everything to decorate metal","og_description":"We invented Decoral\u00ae sublimation process, a technology to decorate metal products, such as profiles, sheets or objects with complex shape.","og_url":"https:\/\/www.decoral-system.com\/fr\/telecharger\/outils-techniques\/","og_site_name":"Decoral System","article_publisher":"https:\/\/www.facebook.com\/DecoralGroup\/","article_modified_time":"2026-01-08T10:52:06+00:00","og_image":[{"width":1500,"height":1000,"url":"https:\/\/www.decoral-system.com\/wp-content\/uploads\/2024\/12\/decoral-system-brand-book-download.jpg","type":"image\/jpeg"}],"twitter_card":"summary_large_image","twitter_misc":{"Dur\u00e9e de lecture estim\u00e9e":"1 minute"},"schema":{"@context":"https:\/\/schema.org","@graph":[{"@type":"WebPage","@id":"https:\/\/www.decoral-system.com\/download\/technical-tools\/","url":"https:\/\/www.decoral-system.com\/download\/technical-tools\/","name":"Poudre, Film de transfert, Machines | Tout pour d\u00e9corer le m\u00e9tal","isPartOf":{"@id":"https:\/\/www.decoral-system.com\/#website"},"primaryImageOfPage":{"@id":"https:\/\/www.decoral-system.com\/download\/technical-tools\/#primaryimage"},"image":{"@id":"https:\/\/www.decoral-system.com\/download\/technical-tools\/#primaryimage"},"thumbnailUrl":"https:\/\/www.decoral-system.com\/wp-content\/uploads\/2024\/12\/decoral-system-brand-book-download-768x512.jpg","datePublished":"2024-12-04T07:51:48+00:00","dateModified":"2026-01-08T10:52:06+00:00","description":"Nous avons invent\u00e9 le proc\u00e9d\u00e9 de sublimation Decoral\u00ae, une technologie permettant de d\u00e9corer des produits m\u00e9talliques, tels que des profil\u00e9s, des t\u00f4les ou des objets de forme complexe.","breadcrumb":{"@id":"https:\/\/www.decoral-system.com\/download\/technical-tools\/#breadcrumb"},"inLanguage":"fr-FR","potentialAction":[{"@type":"ReadAction","target":["https:\/\/www.decoral-system.com\/download\/technical-tools\/"]}]},{"@type":"ImageObject","inLanguage":"fr-FR","@id":"https:\/\/www.decoral-system.com\/download\/technical-tools\/#primaryimage","url":"https:\/\/www.decoral-system.com\/wp-content\/uploads\/2024\/12\/decoral-system-brand-book-download-768x512.jpg","contentUrl":"https:\/\/www.decoral-system.com\/wp-content\/uploads\/2024\/12\/decoral-system-brand-book-download-768x512.jpg"},{"@type":"BreadcrumbList","@id":"https:\/\/www.decoral-system.com\/download\/technical-tools\/#breadcrumb","itemListElement":[{"@type":"ListItem","position":1,"name":"Home","item":"https:\/\/www.decoral-system.com\/"},{"@type":"ListItem","position":2,"name":"Download","item":"https:\/\/www.decoral-system.com\/download\/"},{"@type":"ListItem","position":3,"name":"Technical Tools"}]},{"@type":"WebSite","@id":"https:\/\/www.decoral-system.com\/#website","url":"https:\/\/www.decoral-system.com\/","name":"Syst\u00e8me D\u00e9coral","description":"Imaginez vos couleurs","publisher":{"@id":"https:\/\/www.decoral-system.com\/#organization"},"potentialAction":[{"@type":"SearchAction","target":{"@type":"EntryPoint","urlTemplate":"https:\/\/www.decoral-system.com\/?s={search_term_string}"},"query-input":{"@type":"PropertyValueSpecification","valueRequired":true,"valueName":"search_term_string"}}],"inLanguage":"fr-FR"},{"@type":"Organization","@id":"https:\/\/www.decoral-system.com\/#organization","name":"Syst\u00e8me D\u00e9coral","url":"https:\/\/www.decoral-system.com\/","logo":{"@type":"ImageObject","inLanguage":"fr-FR","@id":"https:\/\/www.decoral-system.com\/#\/schema\/logo\/image\/","url":"https:\/\/www.decoral-system.com\/wp-content\/uploads\/2024\/09\/decoral-system_logo.png","contentUrl":"https:\/\/www.decoral-system.com\/wp-content\/uploads\/2024\/09\/decoral-system_logo.png","width":639,"height":96,"caption":"Decoral System"},"image":{"@id":"https:\/\/www.decoral-system.com\/#\/schema\/logo\/image\/"},"sameAs":["https:\/\/www.facebook.com\/DecoralGroup\/","https:\/\/www.instagram.com\/decoralgroup","https:\/\/www.linkedin.com\/company\/decoral-group"]}]}},"_links":{"self":[{"href":"https:\/\/www.decoral-system.com\/fr\/wp-json\/wp\/v2\/pages\/2550","targetHints":{"allow":["GET"]}}],"collection":[{"href":"https:\/\/www.decoral-system.com\/fr\/wp-json\/wp\/v2\/pages"}],"about":[{"href":"https:\/\/www.decoral-system.com\/fr\/wp-json\/wp\/v2\/types\/page"}],"author":[{"embeddable":true,"href":"https:\/\/www.decoral-system.com\/fr\/wp-json\/wp\/v2\/users\/1"}],"replies":[{"embeddable":true,"href":"https:\/\/www.decoral-system.com\/fr\/wp-json\/wp\/v2\/comments?post=2550"}],"version-history":[{"count":19,"href":"https:\/\/www.decoral-system.com\/fr\/wp-json\/wp\/v2\/pages\/2550\/revisions"}],"predecessor-version":[{"id":4566,"href":"https:\/\/www.decoral-system.com\/fr\/wp-json\/wp\/v2\/pages\/2550\/revisions\/4566"}],"up":[{"embeddable":true,"href":"https:\/\/www.decoral-system.com\/fr\/wp-json\/wp\/v2\/pages\/2404"}],"wp:attachment":[{"href":"https:\/\/www.decoral-system.com\/fr\/wp-json\/wp\/v2\/media?parent=2550"}],"curies":[{"name":"wp","href":"https:\/\/api.w.org\/{rel}","templated":true}]}}